{"id":802,"date":"2019-05-23T16:31:01","date_gmt":"2019-05-23T20:31:01","guid":{"rendered":"http:\/\/gadparroquialsanjuan.gob.ec\/azuay\/?page_id=802"},"modified":"2025-03-26T10:52:19","modified_gmt":"2025-03-26T14:52:19","slug":"actas-y-resoluciones","status":"publish","type":"page","link":"https:\/\/gadparroquialsanjuan.gob.ec\/azuay\/actas-y-resoluciones\/","title":{"rendered":"Actas y Resoluciones"},"content":{"rendered":"<p><a href=\"https:\/\/gadparroquialsanjuan.gob.ec\/azuay\/wp-content\/uploads\/2025\/03\/ACTA-002-2025-signed-signed-1ERA.pdf\">ACTA 002 &#8211; 2025-signed-signed 1ERA<\/a><\/p>\n<p><a href=\"https:\/\/gadparroquialsanjuan.gob.ec\/azuay\/wp-content\/uploads\/2025\/03\/RESOLUCION-FAVORABLE-DEL-CPL.pdf\">RESOLUCION FAVORABLE DEL CPL<\/a><\/p>\n<p><a href=\"https:\/\/gadparroquialsanjuan.gob.ec\/azuay\/wp-content\/uploads\/2025\/03\/RESOLUCION-DEL-PRESIDENTE-signed.pdf\">RESOLUCION DEL PRESIDENTE-signed<\/a><\/p>\n<p><a href=\"https:\/\/gadparroquialsanjuan.gob.ec\/azuay\/wp-content\/uploads\/2025\/03\/ACTA-DE-LA-SESION-DEL-CONSEJO-DE-PLANIFICACION.pdf\">ACTA DE LA SESION DEL CONSEJO DE PLANIFICACION<\/a><\/p>\n<p><a href=\"https:\/\/gadparroquialsanjuan.gob.ec\/azuay\/wp-content\/uploads\/2025\/03\/ACTA-004-2025-signed-signed-2DA.pdf\">ACTA 004 &#8211; 2025-signed-signed 2DA<\/a><\/p>\n<p>&nbsp;<\/p>\n<p><a href=\"http:\/\/gadparroquialsanjuan.gob.ec\/azuay\/wp-content\/uploads\/2019\/05\/PARTICIPACION-CIUDADANA.pdf\">PARTICIPACION CIUDADANA<\/a><\/p>\n<p><a href=\"https:\/\/gadparroquialsanjuan.gob.ec\/azuay\/wp-content\/uploads\/2020\/10\/ACTA-DE-SESI\u00d3N-PRIORIZACI\u00d3N-DE-OBRAS.pdf\">ACTA DE SESI\u00d3N PRIORIZACI\u00d3N DE OBRAS<\/a><\/p>\n<p><a href=\"http:\/\/gadparroquialsanjuan.gob.ec\/azuay\/wp-content\/uploads\/2019\/05\/MECANISMO-DE-PARTICIPACION-CIUDADANA.pdf\">MECANISMO DE PARTICIPACION CIUDADANA<\/a><\/p>\n<p><a href=\"https:\/\/gadparroquialsanjuan.gob.ec\/azuay\/wp-content\/uploads\/2020\/10\/REGLAMENTO-QUE-REGULA-EL-SISTEMA-DE-PARTICIPACI\u00d3N-CIUDADANA.pdf\">REGLAMENTO QUE REGULA EL SISTEMA DE PARTICIPACI\u00d3N CIUDADANA<\/a><\/p>\n","protected":false},"excerpt":{"rendered":"<p>ACTA 002 &#8211; 2025-signed-signed 1ERA RESOLUCION FAVORABLE DEL CPL RESOLUCION DEL PRESIDENTE-signed ACTA DE LA SESION DEL CONSEJO DE PLANIFICACION ACTA 004 &#8211; 2025-signed-signed 2DA &nbsp; PARTICIPACION CIUDADANA ACTA DE SESI\u00d3N PRIORIZACI\u00d3N DE OBRAS MECANISMO DE PARTICIPACION CIUDADANA REGLAMENTO QUE REGULA EL SISTEMA DE PARTICIPACI\u00d3N CIUDADANA<\/p>\n","protected":false},"author":4,"featured_media":0,"parent":0,"menu_order":0,"comment_status":"closed","ping_status":"closed","template":"","meta":{"_joinchat":[],"footnotes":""},"class_list":["post-802","page","type-page","status-publish","hentry"],"yoast_head":"<!-- This site is optimized with the Yoast SEO plugin v24.1 - https:\/\/yoast.com\/wordpress\/plugins\/seo\/ -->\n<title>Actas y Resoluciones - GAD Parroquial de San Juan<\/title>\n<meta name=\"robots\" content=\"index, follow, max-snippet:-1, max-image-preview:large, max-video-preview:-1\" \/>\n<link rel=\"canonical\" href=\"https:\/\/gadparroquialsanjuan.gob.ec\/azuay\/actas-y-resoluciones\/\" \/>\n<meta property=\"og:locale\" content=\"es_ES\" \/>\n<meta property=\"og:type\" content=\"article\" \/>\n<meta property=\"og:title\" content=\"Actas y Resoluciones - GAD Parroquial de San Juan\" \/>\n<meta property=\"og:description\" content=\"ACTA 002 &#8211; 2025-signed-signed 1ERA RESOLUCION FAVORABLE DEL CPL RESOLUCION DEL PRESIDENTE-signed ACTA DE LA SESION DEL CONSEJO DE PLANIFICACION ACTA 004 &#8211; 2025-signed-signed 2DA &nbsp; PARTICIPACION CIUDADANA ACTA DE SESI\u00d3N PRIORIZACI\u00d3N DE OBRAS MECANISMO DE PARTICIPACION CIUDADANA REGLAMENTO QUE REGULA EL SISTEMA DE PARTICIPACI\u00d3N CIUDADANA\" \/>\n<meta property=\"og:url\" content=\"https:\/\/gadparroquialsanjuan.gob.ec\/azuay\/actas-y-resoluciones\/\" \/>\n<meta property=\"og:site_name\" content=\"GAD Parroquial de San Juan\" \/>\n<meta property=\"article:modified_time\" content=\"2025-03-26T14:52:19+00:00\" \/>\n<meta name=\"twitter:card\" content=\"summary_large_image\" \/>\n<meta name=\"twitter:label1\" content=\"Tiempo de lectura\" \/>\n\t<meta name=\"twitter:data1\" content=\"1 minuto\" \/>\n<script type=\"application\/ld+json\" class=\"yoast-schema-graph\">{\"@context\":\"https:\/\/schema.org\",\"@graph\":[{\"@type\":\"WebPage\",\"@id\":\"https:\/\/gadparroquialsanjuan.gob.ec\/azuay\/actas-y-resoluciones\/\",\"url\":\"https:\/\/gadparroquialsanjuan.gob.ec\/azuay\/actas-y-resoluciones\/\",\"name\":\"Actas y Resoluciones - GAD Parroquial de San Juan\",\"isPartOf\":{\"@id\":\"https:\/\/gadparroquialsanjuan.gob.ec\/azuay\/#website\"},\"datePublished\":\"2019-05-23T20:31:01+00:00\",\"dateModified\":\"2025-03-26T14:52:19+00:00\",\"breadcrumb\":{\"@id\":\"https:\/\/gadparroquialsanjuan.gob.ec\/azuay\/actas-y-resoluciones\/#breadcrumb\"},\"inLanguage\":\"es\",\"potentialAction\":[{\"@type\":\"ReadAction\",\"target\":[\"https:\/\/gadparroquialsanjuan.gob.ec\/azuay\/actas-y-resoluciones\/\"]}]},{\"@type\":\"BreadcrumbList\",\"@id\":\"https:\/\/gadparroquialsanjuan.gob.ec\/azuay\/actas-y-resoluciones\/#breadcrumb\",\"itemListElement\":[{\"@type\":\"ListItem\",\"position\":1,\"name\":\"Home\",\"item\":\"https:\/\/gadparroquialsanjuan.gob.ec\/azuay\/\"},{\"@type\":\"ListItem\",\"position\":2,\"name\":\"Actas y Resoluciones\"}]},{\"@type\":\"WebSite\",\"@id\":\"https:\/\/gadparroquialsanjuan.gob.ec\/azuay\/#website\",\"url\":\"https:\/\/gadparroquialsanjuan.gob.ec\/azuay\/\",\"name\":\"GAD Parroquial de San Juan\",\"description\":\"Sitio Oficial del GAD Parroquial San Juan Azuay\",\"publisher\":{\"@id\":\"https:\/\/gadparroquialsanjuan.gob.ec\/azuay\/#organization\"},\"potentialAction\":[{\"@type\":\"SearchAction\",\"target\":{\"@type\":\"EntryPoint\",\"urlTemplate\":\"https:\/\/gadparroquialsanjuan.gob.ec\/azuay\/?s={search_term_string}\"},\"query-input\":{\"@type\":\"PropertyValueSpecification\",\"valueRequired\":true,\"valueName\":\"search_term_string\"}}],\"inLanguage\":\"es\"},{\"@type\":\"Organization\",\"@id\":\"https:\/\/gadparroquialsanjuan.gob.ec\/azuay\/#organization\",\"name\":\"GAD parroquial de San Juan del Cid\",\"url\":\"https:\/\/gadparroquialsanjuan.gob.ec\/azuay\/\",\"logo\":{\"@type\":\"ImageObject\",\"inLanguage\":\"es\",\"@id\":\"https:\/\/gadparroquialsanjuan.gob.ec\/azuay\/#\/schema\/logo\/image\/\",\"url\":\"https:\/\/gadparroquialsanjuan.gob.ec\/azuay\/wp-content\/uploads\/2020\/06\/logoFooter.png\",\"contentUrl\":\"https:\/\/gadparroquialsanjuan.gob.ec\/azuay\/wp-content\/uploads\/2020\/06\/logoFooter.png\",\"width\":200,\"height\":150,\"caption\":\"GAD parroquial de San Juan del Cid\"},\"image\":{\"@id\":\"https:\/\/gadparroquialsanjuan.gob.ec\/azuay\/#\/schema\/logo\/image\/\"}}]}<\/script>\n<!-- \/ Yoast SEO plugin. -->","yoast_head_json":{"title":"Actas y Resoluciones - GAD Parroquial de San Juan","robots":{"index":"index","follow":"follow","max-snippet":"max-snippet:-1","max-image-preview":"max-image-preview:large","max-video-preview":"max-video-preview:-1"},"canonical":"https:\/\/gadparroquialsanjuan.gob.ec\/azuay\/actas-y-resoluciones\/","og_locale":"es_ES","og_type":"article","og_title":"Actas y Resoluciones - GAD Parroquial de San Juan","og_description":"ACTA 002 &#8211; 2025-signed-signed 1ERA RESOLUCION FAVORABLE DEL CPL RESOLUCION DEL PRESIDENTE-signed ACTA DE LA SESION DEL CONSEJO DE PLANIFICACION ACTA 004 &#8211; 2025-signed-signed 2DA &nbsp; PARTICIPACION CIUDADANA ACTA DE SESI\u00d3N PRIORIZACI\u00d3N DE OBRAS MECANISMO DE PARTICIPACION CIUDADANA REGLAMENTO QUE REGULA EL SISTEMA DE PARTICIPACI\u00d3N CIUDADANA","og_url":"https:\/\/gadparroquialsanjuan.gob.ec\/azuay\/actas-y-resoluciones\/","og_site_name":"GAD Parroquial de San Juan","article_modified_time":"2025-03-26T14:52:19+00:00","twitter_card":"summary_large_image","twitter_misc":{"Tiempo de lectura":"1 minuto"},"schema":{"@context":"https:\/\/schema.org","@graph":[{"@type":"WebPage","@id":"https:\/\/gadparroquialsanjuan.gob.ec\/azuay\/actas-y-resoluciones\/","url":"https:\/\/gadparroquialsanjuan.gob.ec\/azuay\/actas-y-resoluciones\/","name":"Actas y Resoluciones - GAD Parroquial de San Juan","isPartOf":{"@id":"https:\/\/gadparroquialsanjuan.gob.ec\/azuay\/#website"},"datePublished":"2019-05-23T20:31:01+00:00","dateModified":"2025-03-26T14:52:19+00:00","breadcrumb":{"@id":"https:\/\/gadparroquialsanjuan.gob.ec\/azuay\/actas-y-resoluciones\/#breadcrumb"},"inLanguage":"es","potentialAction":[{"@type":"ReadAction","target":["https:\/\/gadparroquialsanjuan.gob.ec\/azuay\/actas-y-resoluciones\/"]}]},{"@type":"BreadcrumbList","@id":"https:\/\/gadparroquialsanjuan.gob.ec\/azuay\/actas-y-resoluciones\/#breadcrumb","itemListElement":[{"@type":"ListItem","position":1,"name":"Home","item":"https:\/\/gadparroquialsanjuan.gob.ec\/azuay\/"},{"@type":"ListItem","position":2,"name":"Actas y Resoluciones"}]},{"@type":"WebSite","@id":"https:\/\/gadparroquialsanjuan.gob.ec\/azuay\/#website","url":"https:\/\/gadparroquialsanjuan.gob.ec\/azuay\/","name":"GAD Parroquial de San Juan","description":"Sitio Oficial del GAD Parroquial San Juan Azuay","publisher":{"@id":"https:\/\/gadparroquialsanjuan.gob.ec\/azuay\/#organization"},"potentialAction":[{"@type":"SearchAction","target":{"@type":"EntryPoint","urlTemplate":"https:\/\/gadparroquialsanjuan.gob.ec\/azuay\/?s={search_term_string}"},"query-input":{"@type":"PropertyValueSpecification","valueRequired":true,"valueName":"search_term_string"}}],"inLanguage":"es"},{"@type":"Organization","@id":"https:\/\/gadparroquialsanjuan.gob.ec\/azuay\/#organization","name":"GAD parroquial de San Juan del Cid","url":"https:\/\/gadparroquialsanjuan.gob.ec\/azuay\/","logo":{"@type":"ImageObject","inLanguage":"es","@id":"https:\/\/gadparroquialsanjuan.gob.ec\/azuay\/#\/schema\/logo\/image\/","url":"https:\/\/gadparroquialsanjuan.gob.ec\/azuay\/wp-content\/uploads\/2020\/06\/logoFooter.png","contentUrl":"https:\/\/gadparroquialsanjuan.gob.ec\/azuay\/wp-content\/uploads\/2020\/06\/logoFooter.png","width":200,"height":150,"caption":"GAD parroquial de San Juan del Cid"},"image":{"@id":"https:\/\/gadparroquialsanjuan.gob.ec\/azuay\/#\/schema\/logo\/image\/"}}]}},"_links":{"self":[{"href":"https:\/\/gadparroquialsanjuan.gob.ec\/azuay\/wp-json\/wp\/v2\/pages\/802","targetHints":{"allow":["GET"]}}],"collection":[{"href":"https:\/\/gadparroquialsanjuan.gob.ec\/azuay\/wp-json\/wp\/v2\/pages"}],"about":[{"href":"https:\/\/gadparroquialsanjuan.gob.ec\/azuay\/wp-json\/wp\/v2\/types\/page"}],"author":[{"embeddable":true,"href":"https:\/\/gadparroquialsanjuan.gob.ec\/azuay\/wp-json\/wp\/v2\/users\/4"}],"replies":[{"embeddable":true,"href":"https:\/\/gadparroquialsanjuan.gob.ec\/azuay\/wp-json\/wp\/v2\/comments?post=802"}],"version-history":[{"count":4,"href":"https:\/\/gadparroquialsanjuan.gob.ec\/azuay\/wp-json\/wp\/v2\/pages\/802\/revisions"}],"predecessor-version":[{"id":1797,"href":"https:\/\/gadparroquialsanjuan.gob.ec\/azuay\/wp-json\/wp\/v2\/pages\/802\/revisions\/1797"}],"wp:attachment":[{"href":"https:\/\/gadparroquialsanjuan.gob.ec\/azuay\/wp-json\/wp\/v2\/media?parent=802"}],"curies":[{"name":"wp","href":"https:\/\/api.w.org\/{rel}","templated":true}]}}