{"id":680,"date":"2019-02-12T16:38:10","date_gmt":"2019-02-12T20:38:10","guid":{"rendered":"http:\/\/gadparroquialsanjuan.gob.ec\/azuay\/?page_id=680"},"modified":"2020-11-08T20:59:29","modified_gmt":"2020-11-09T00:59:29","slug":"rendicion-de-cuentas-2019","status":"publish","type":"page","link":"https:\/\/gadparroquialsanjuan.gob.ec\/azuay\/rendicion-de-cuentas-2019\/","title":{"rendered":"Rendici\u00f3n de Cuentas 2019"},"content":{"rendered":"<p>Fase 1<\/p>\n<p><a href=\"https:\/\/gadparroquialsanjuan.gob.ec\/azuay\/wp-content\/uploads\/2020\/10\/1-Entrega-de-Preguntas-ciudadan\u00eda-1.pdf\">1 Entrega de Preguntas ciudadan\u00eda<\/a><\/p>\n<p><a href=\"https:\/\/gadparroquialsanjuan.gob.ec\/azuay\/wp-content\/uploads\/2020\/10\/2-INVITACI\u00d3N-CONFORMACI\u00d3N-EQUIPO-TECNICO.pdf\">2 INVITACI\u00d3N CONFORMACI\u00d3N EQUIPO TECNICO<\/a><\/p>\n<p><a href=\"https:\/\/gadparroquialsanjuan.gob.ec\/azuay\/wp-content\/uploads\/2020\/10\/3-Acta-Conformaci\u00f3n-del-equipo-t\u00e9cnico-mixto-paritario.pdf\">3 Acta Conformaci\u00f3n del equipo t\u00e9cnico mixto paritario<\/a><\/p>\n<p>Fase 2<\/p>\n<p><a href=\"https:\/\/gadparroquialsanjuan.gob.ec\/azuay\/wp-content\/uploads\/2020\/10\/4-Evaluaci\u00f3n-y-Socializaci\u00f3n-Interna-Informe-Rendici\u00f3n-de-Cuentas-2019.pdf\">4 Evaluaci\u00f3n y Socializaci\u00f3n Interna Informe Rendici\u00f3n de Cuentas 2019<\/a><\/p>\n<p><a href=\"https:\/\/gadparroquialsanjuan.gob.ec\/azuay\/wp-content\/uploads\/2020\/10\/Informe-Narrativo-San-Juan.pdf\">5 Informe Narrativo San Juan<\/a><\/p>\n<p><a href=\"https:\/\/gadparroquialsanjuan.gob.ec\/azuay\/wp-content\/uploads\/2020\/10\/6-Aprobaci\u00f3n-de-informes-m\u00e1xima-autoridad.pdf\">6 Aprobaci\u00f3n de informes m\u00e1xima autoridad<\/a><\/p>\n<p><a href=\"https:\/\/gadparroquialsanjuan.gob.ec\/azuay\/wp-content\/uploads\/2020\/10\/7-Infomer-enviado-a-la-instancia-de-participaci\u00f3n-y-asamblea..pdf\">7 Informe enviado a la instancia de participaci\u00f3n y asamblea.<\/a><\/p>\n<p>Fase 3<\/p>\n<p><a href=\"https:\/\/gadparroquialsanjuan.gob.ec\/azuay\/wp-content\/uploads\/2020\/10\/8-Invitaci\u00f3n-evento-deliberativo-Rendici\u00f3n-de-Cuentas-2019.pdf\">8 Invitaci\u00f3n evento deliberativo Rendici\u00f3n de Cuentas 2019<\/a><\/p>\n<p>Evento deliberativo https:\/\/www.facebook.com\/watch\/?v=1020395721764574<\/p>\n<p><a href=\"https:\/\/gadparroquialsanjuan.gob.ec\/azuay\/wp-content\/uploads\/2020\/10\/Presentaci\u00f3n-Evento-Deliberativo.pdf\">Presentaci\u00f3n Evento Deliberativo<\/a><\/p>\n<p>Fase 4<\/p>\n<p>Aportes de la ciudadan\u00eda<\/p>\n<p>Plan de Trabajo sobre los aportes de la ciudadan\u00eda<\/p>\n<p>&nbsp;<\/p>\n<p>&nbsp;<\/p>\n<p>Informes Presidente y Vocales<\/p>\n<p><a href=\"https:\/\/gadparroquialsanjuan.gob.ec\/azuay\/wp-content\/uploads\/2020\/10\/Informe-Narrativo-Presidente-GAD-San-Juan.pdf\">Informe Narrativo Presidente GAD San Juan<\/a><\/p>\n<p><a href=\"https:\/\/gadparroquialsanjuan.gob.ec\/azuay\/wp-content\/uploads\/2020\/10\/INFORME_SRTA.__JANNETH_QUICHIMBO1.pdf\">INFORME_SRTA.__JANNETH_QUICHIMBO<\/a><\/p>\n<p><a href=\"https:\/\/gadparroquialsanjuan.gob.ec\/azuay\/wp-content\/uploads\/2020\/10\/INFORME_SR._RAUL_RIOS1.pdf\">INFORME_SR._RAUL_RIOS<\/a><\/p>\n<p><a href=\"https:\/\/gadparroquialsanjuan.gob.ec\/azuay\/wp-content\/uploads\/2020\/10\/INFORME_SR._MIGUEL_ESPINOZA1.pdf\">NFORME_SR._MIGUEL_ESPINOZA<\/a><\/p>\n<p><a href=\"https:\/\/gadparroquialsanjuan.gob.ec\/azuay\/wp-content\/uploads\/2020\/10\/INFORME_SR._JAIME_ENCALADA1.pdf\">INFORME_SR._JAIME_ENCALADA<\/a><\/p>\n<p>&nbsp;<\/p>\n<h4><\/h4>\n<p>&nbsp;<\/p>\n","protected":false},"excerpt":{"rendered":"<p>Fase 1 1 Entrega de Preguntas ciudadan\u00eda 2 INVITACI\u00d3N CONFORMACI\u00d3N EQUIPO TECNICO 3 Acta Conformaci\u00f3n del equipo t\u00e9cnico mixto paritario Fase 2 4 Evaluaci\u00f3n y Socializaci\u00f3n Interna Informe Rendici\u00f3n de Cuentas 2019 5 Informe Narrativo San Juan 6 Aprobaci\u00f3n de informes m\u00e1xima autoridad 7 Informe enviado a la instancia de participaci\u00f3n y asamblea. Fase 3 [&hellip;]<\/p>\n","protected":false},"author":4,"featured_media":0,"parent":0,"menu_order":0,"comment_status":"closed","ping_status":"closed","template":"","meta":{"_joinchat":[],"footnotes":""},"class_list":["post-680","page","type-page","status-publish","hentry"],"yoast_head":"<!-- This site is optimized with the Yoast SEO plugin v24.1 - https:\/\/yoast.com\/wordpress\/plugins\/seo\/ -->\n<title>Rendici\u00f3n de Cuentas 2019 - GAD Parroquial de San Juan<\/title>\n<meta name=\"robots\" content=\"index, follow, max-snippet:-1, max-image-preview:large, max-video-preview:-1\" \/>\n<link rel=\"canonical\" href=\"https:\/\/gadparroquialsanjuan.gob.ec\/azuay\/rendicion-de-cuentas-2019\/\" \/>\n<meta property=\"og:locale\" content=\"es_ES\" \/>\n<meta property=\"og:type\" content=\"article\" \/>\n<meta property=\"og:title\" content=\"Rendici\u00f3n de Cuentas 2019 - GAD Parroquial de San Juan\" \/>\n<meta property=\"og:description\" content=\"Fase 1 1 Entrega de Preguntas ciudadan\u00eda 2 INVITACI\u00d3N CONFORMACI\u00d3N EQUIPO TECNICO 3 Acta Conformaci\u00f3n del equipo t\u00e9cnico mixto paritario Fase 2 4 Evaluaci\u00f3n y Socializaci\u00f3n Interna Informe Rendici\u00f3n de Cuentas 2019 5 Informe Narrativo San Juan 6 Aprobaci\u00f3n de informes m\u00e1xima autoridad 7 Informe enviado a la instancia de participaci\u00f3n y asamblea. Fase 3 [&hellip;]\" \/>\n<meta property=\"og:url\" content=\"https:\/\/gadparroquialsanjuan.gob.ec\/azuay\/rendicion-de-cuentas-2019\/\" \/>\n<meta property=\"og:site_name\" content=\"GAD Parroquial de San Juan\" \/>\n<meta property=\"article:modified_time\" content=\"2020-11-09T00:59:29+00:00\" \/>\n<meta name=\"twitter:card\" content=\"summary_large_image\" \/>\n<meta name=\"twitter:label1\" content=\"Tiempo de lectura\" \/>\n\t<meta name=\"twitter:data1\" content=\"1 minuto\" \/>\n<script type=\"application\/ld+json\" class=\"yoast-schema-graph\">{\"@context\":\"https:\/\/schema.org\",\"@graph\":[{\"@type\":\"WebPage\",\"@id\":\"https:\/\/gadparroquialsanjuan.gob.ec\/azuay\/rendicion-de-cuentas-2019\/\",\"url\":\"https:\/\/gadparroquialsanjuan.gob.ec\/azuay\/rendicion-de-cuentas-2019\/\",\"name\":\"Rendici\u00f3n de Cuentas 2019 - GAD Parroquial de San Juan\",\"isPartOf\":{\"@id\":\"https:\/\/gadparroquialsanjuan.gob.ec\/azuay\/#website\"},\"datePublished\":\"2019-02-12T20:38:10+00:00\",\"dateModified\":\"2020-11-09T00:59:29+00:00\",\"breadcrumb\":{\"@id\":\"https:\/\/gadparroquialsanjuan.gob.ec\/azuay\/rendicion-de-cuentas-2019\/#breadcrumb\"},\"inLanguage\":\"es\",\"potentialAction\":[{\"@type\":\"ReadAction\",\"target\":[\"https:\/\/gadparroquialsanjuan.gob.ec\/azuay\/rendicion-de-cuentas-2019\/\"]}]},{\"@type\":\"BreadcrumbList\",\"@id\":\"https:\/\/gadparroquialsanjuan.gob.ec\/azuay\/rendicion-de-cuentas-2019\/#breadcrumb\",\"itemListElement\":[{\"@type\":\"ListItem\",\"position\":1,\"name\":\"Home\",\"item\":\"https:\/\/gadparroquialsanjuan.gob.ec\/azuay\/\"},{\"@type\":\"ListItem\",\"position\":2,\"name\":\"Rendici\u00f3n de Cuentas 2019\"}]},{\"@type\":\"WebSite\",\"@id\":\"https:\/\/gadparroquialsanjuan.gob.ec\/azuay\/#website\",\"url\":\"https:\/\/gadparroquialsanjuan.gob.ec\/azuay\/\",\"name\":\"GAD Parroquial de San Juan\",\"description\":\"Sitio Oficial del GAD Parroquial San Juan Azuay\",\"publisher\":{\"@id\":\"https:\/\/gadparroquialsanjuan.gob.ec\/azuay\/#organization\"},\"potentialAction\":[{\"@type\":\"SearchAction\",\"target\":{\"@type\":\"EntryPoint\",\"urlTemplate\":\"https:\/\/gadparroquialsanjuan.gob.ec\/azuay\/?s={search_term_string}\"},\"query-input\":{\"@type\":\"PropertyValueSpecification\",\"valueRequired\":true,\"valueName\":\"search_term_string\"}}],\"inLanguage\":\"es\"},{\"@type\":\"Organization\",\"@id\":\"https:\/\/gadparroquialsanjuan.gob.ec\/azuay\/#organization\",\"name\":\"GAD parroquial de San Juan del Cid\",\"url\":\"https:\/\/gadparroquialsanjuan.gob.ec\/azuay\/\",\"logo\":{\"@type\":\"ImageObject\",\"inLanguage\":\"es\",\"@id\":\"https:\/\/gadparroquialsanjuan.gob.ec\/azuay\/#\/schema\/logo\/image\/\",\"url\":\"https:\/\/gadparroquialsanjuan.gob.ec\/azuay\/wp-content\/uploads\/2020\/06\/logoFooter.png\",\"contentUrl\":\"https:\/\/gadparroquialsanjuan.gob.ec\/azuay\/wp-content\/uploads\/2020\/06\/logoFooter.png\",\"width\":200,\"height\":150,\"caption\":\"GAD parroquial de San Juan del Cid\"},\"image\":{\"@id\":\"https:\/\/gadparroquialsanjuan.gob.ec\/azuay\/#\/schema\/logo\/image\/\"}}]}<\/script>\n<!-- \/ Yoast SEO plugin. -->","yoast_head_json":{"title":"Rendici\u00f3n de Cuentas 2019 - GAD Parroquial de San Juan","robots":{"index":"index","follow":"follow","max-snippet":"max-snippet:-1","max-image-preview":"max-image-preview:large","max-video-preview":"max-video-preview:-1"},"canonical":"https:\/\/gadparroquialsanjuan.gob.ec\/azuay\/rendicion-de-cuentas-2019\/","og_locale":"es_ES","og_type":"article","og_title":"Rendici\u00f3n de Cuentas 2019 - GAD Parroquial de San Juan","og_description":"Fase 1 1 Entrega de Preguntas ciudadan\u00eda 2 INVITACI\u00d3N CONFORMACI\u00d3N EQUIPO TECNICO 3 Acta Conformaci\u00f3n del equipo t\u00e9cnico mixto paritario Fase 2 4 Evaluaci\u00f3n y Socializaci\u00f3n Interna Informe Rendici\u00f3n de Cuentas 2019 5 Informe Narrativo San Juan 6 Aprobaci\u00f3n de informes m\u00e1xima autoridad 7 Informe enviado a la instancia de participaci\u00f3n y asamblea. Fase 3 [&hellip;]","og_url":"https:\/\/gadparroquialsanjuan.gob.ec\/azuay\/rendicion-de-cuentas-2019\/","og_site_name":"GAD Parroquial de San Juan","article_modified_time":"2020-11-09T00:59:29+00:00","twitter_card":"summary_large_image","twitter_misc":{"Tiempo de lectura":"1 minuto"},"schema":{"@context":"https:\/\/schema.org","@graph":[{"@type":"WebPage","@id":"https:\/\/gadparroquialsanjuan.gob.ec\/azuay\/rendicion-de-cuentas-2019\/","url":"https:\/\/gadparroquialsanjuan.gob.ec\/azuay\/rendicion-de-cuentas-2019\/","name":"Rendici\u00f3n de Cuentas 2019 - GAD Parroquial de San Juan","isPartOf":{"@id":"https:\/\/gadparroquialsanjuan.gob.ec\/azuay\/#website"},"datePublished":"2019-02-12T20:38:10+00:00","dateModified":"2020-11-09T00:59:29+00:00","breadcrumb":{"@id":"https:\/\/gadparroquialsanjuan.gob.ec\/azuay\/rendicion-de-cuentas-2019\/#breadcrumb"},"inLanguage":"es","potentialAction":[{"@type":"ReadAction","target":["https:\/\/gadparroquialsanjuan.gob.ec\/azuay\/rendicion-de-cuentas-2019\/"]}]},{"@type":"BreadcrumbList","@id":"https:\/\/gadparroquialsanjuan.gob.ec\/azuay\/rendicion-de-cuentas-2019\/#breadcrumb","itemListElement":[{"@type":"ListItem","position":1,"name":"Home","item":"https:\/\/gadparroquialsanjuan.gob.ec\/azuay\/"},{"@type":"ListItem","position":2,"name":"Rendici\u00f3n de Cuentas 2019"}]},{"@type":"WebSite","@id":"https:\/\/gadparroquialsanjuan.gob.ec\/azuay\/#website","url":"https:\/\/gadparroquialsanjuan.gob.ec\/azuay\/","name":"GAD Parroquial de San Juan","description":"Sitio Oficial del GAD Parroquial San Juan Azuay","publisher":{"@id":"https:\/\/gadparroquialsanjuan.gob.ec\/azuay\/#organization"},"potentialAction":[{"@type":"SearchAction","target":{"@type":"EntryPoint","urlTemplate":"https:\/\/gadparroquialsanjuan.gob.ec\/azuay\/?s={search_term_string}"},"query-input":{"@type":"PropertyValueSpecification","valueRequired":true,"valueName":"search_term_string"}}],"inLanguage":"es"},{"@type":"Organization","@id":"https:\/\/gadparroquialsanjuan.gob.ec\/azuay\/#organization","name":"GAD parroquial de San Juan del Cid","url":"https:\/\/gadparroquialsanjuan.gob.ec\/azuay\/","logo":{"@type":"ImageObject","inLanguage":"es","@id":"https:\/\/gadparroquialsanjuan.gob.ec\/azuay\/#\/schema\/logo\/image\/","url":"https:\/\/gadparroquialsanjuan.gob.ec\/azuay\/wp-content\/uploads\/2020\/06\/logoFooter.png","contentUrl":"https:\/\/gadparroquialsanjuan.gob.ec\/azuay\/wp-content\/uploads\/2020\/06\/logoFooter.png","width":200,"height":150,"caption":"GAD parroquial de San Juan del Cid"},"image":{"@id":"https:\/\/gadparroquialsanjuan.gob.ec\/azuay\/#\/schema\/logo\/image\/"}}]}},"_links":{"self":[{"href":"https:\/\/gadparroquialsanjuan.gob.ec\/azuay\/wp-json\/wp\/v2\/pages\/680","targetHints":{"allow":["GET"]}}],"collection":[{"href":"https:\/\/gadparroquialsanjuan.gob.ec\/azuay\/wp-json\/wp\/v2\/pages"}],"about":[{"href":"https:\/\/gadparroquialsanjuan.gob.ec\/azuay\/wp-json\/wp\/v2\/types\/page"}],"author":[{"embeddable":true,"href":"https:\/\/gadparroquialsanjuan.gob.ec\/azuay\/wp-json\/wp\/v2\/users\/4"}],"replies":[{"embeddable":true,"href":"https:\/\/gadparroquialsanjuan.gob.ec\/azuay\/wp-json\/wp\/v2\/comments?post=680"}],"version-history":[{"count":15,"href":"https:\/\/gadparroquialsanjuan.gob.ec\/azuay\/wp-json\/wp\/v2\/pages\/680\/revisions"}],"predecessor-version":[{"id":876,"href":"https:\/\/gadparroquialsanjuan.gob.ec\/azuay\/wp-json\/wp\/v2\/pages\/680\/revisions\/876"}],"wp:attachment":[{"href":"https:\/\/gadparroquialsanjuan.gob.ec\/azuay\/wp-json\/wp\/v2\/media?parent=680"}],"curies":[{"name":"wp","href":"https:\/\/api.w.org\/{rel}","templated":true}]}}