{"id":56,"date":"2014-10-24T10:00:34","date_gmt":"2014-10-24T14:00:34","guid":{"rendered":"http:\/\/gadabdoncalderon.gob.ec\/manabi\/?page_id=56"},"modified":"2022-01-19T09:54:14","modified_gmt":"2022-01-19T13:54:14","slug":"documentos-2014-2015","status":"publish","type":"page","link":"https:\/\/gadparroquialsanjuan.gob.ec\/azuay\/documentos-2014-2015\/","title":{"rendered":"Documentos 2014"},"content":{"rendered":"<h1 class=\"art-postheader\">Documentos 2014<\/h1>\n<div class=\"art-postcontent clearfix\">\n<p><strong>Art. 7.- Difusi\u00f3n de la Informaci\u00f3n P\u00fablica.-<\/strong><\/p>\n<p>Por la transparencia en la gesti\u00f3n administrativa que est\u00e1n obligadas a observar todas las instituciones del Estado que conforman el sector p\u00fablico en los t\u00e9rminos del art\u00edculo 118 de la Constituci\u00f3n Pol\u00edtica de la Rep\u00fablica y dem\u00e1s entes se\u00f1alados en el art\u00edculo 1 de la presente Ley, difundir\u00e1n a trav\u00e9s de un portal de informaci\u00f3n o p\u00e1gina web, as\u00ed como de los medios necesarios a disposici\u00f3n del p\u00fablico, implementados en la misma instituci\u00f3n, la siguiente informaci\u00f3n m\u00ednima actualizada, que para efectos de esta Ley se la considera de naturaleza obligatoria:<\/p>\n<p><strong>FORMATOS LOTAIP<\/strong><\/p>\n<p><strong>a1) Estructura Org\u00e1nica Funcional.<\/strong><\/p>\n<p><a href=\"http:\/\/gadparroquialsanjuan.gob.ec\/azuay\/wp-content\/uploads\/2014\/10\/literal-a1-organigrama-de-la-institucio\u0301nn.pdf\">literal a1) organigrama de la institucio\u0301nn<\/a><\/p>\n<p><strong>a2) Base legal que la rige<\/strong><\/p>\n<p>Base legal que la rige, regulaciones y procedimientos internos aplicables a la entidad.<\/p>\n<p><a href=\"http:\/\/gadparroquialsanjuan.gob.ec\/azuay\/wp-content\/uploads\/2014\/10\/literal-a2-base-legal-que-rige-a-la-institucion.pdf\">literal a2) base legal que rige a la institucion<\/a><\/p>\n<p><strong>a3) Regulaciones y procedimientos internos aplicables a la entidad<\/strong><\/p>\n<p><a href=\"http:\/\/gadparroquialsanjuan.gob.ec\/azuay\/wp-content\/uploads\/2014\/10\/literal-a3-regulaciones-y-procedimientos-internos.pdf\">literal a3) regulaciones y procedimientos internos<\/a><\/p>\n<p><a href=\"http:\/\/gadparroquialsanjuan.gob.ec\/azuay\/wp-content\/uploads\/2014\/10\/REGLAMENTO_CEMENTERIO.pdf\">REGLAMENTO_CEMENTERIO<\/a><\/p>\n<p><a href=\"http:\/\/gadparroquialsanjuan.gob.ec\/azuay\/wp-content\/uploads\/2014\/10\/REGLAMENTO_ESPACIOS_PUBLICOS.pdf\">REGLAMENTO_ESPACIOS_PUBLICOS<\/a><\/p>\n<p><strong>a4) Metas y objetivos de las unidades administrativas de conformidad con los programas operativos<\/strong><\/p>\n<p><strong>b1) Directorio completo de la instituci\u00f3n<\/strong><\/p>\n<p><a href=\"http:\/\/gadparroquialsanjuan.gob.ec\/azuay\/wp-content\/uploads\/2014\/10\/literal-b1-Directorio-de-la-institucio\u0301n.pdf\">literal b1) Directorio de la institucio\u0301n<\/a><\/p>\n<p>Directorio completo de la instituci\u00f3n; as\u00ed como su distributivo de personal.<\/p>\n<p><strong>b2) Distributivo de personal<\/strong><\/p>\n<p><strong>c) Remuneraciones<\/strong><br \/>\nRemuneraci\u00f3n mensual por puesto y todo ingreso adicional incluso el sistema de compensaci\u00f3n, seg\u00fan lo establezcan las disposiciones correspondientes.<\/p>\n<p><a href=\"http:\/\/gadparroquialsanjuan.gob.ec\/azuay\/wp-content\/uploads\/2014\/10\/literal-c-Remuneraci\u00f3n-mensual-por-puesto.pdf\">literal c) Remuneraci\u00f3n mensual por puesto<\/a><\/p>\n<p><strong>d) Servicios<\/strong><br \/>\nServicios que ofrece y la forma de acceder a ellos, horarios de atenci\u00f3n y dem\u00e1s indicaciones necesarias.<\/p>\n<p><a href=\"http:\/\/gadparroquialsanjuan.gob.ec\/azuay\/wp-content\/uploads\/2014\/10\/literal-d-Servicios-que-ofrece-y-las-formas-de-acceder-a-ellos.pdf\">literal d) Servicios que ofrece y las formas de acceder a ellos<\/a><\/p>\n<p>HORARIO DE ATENCION<\/p>\n<p>Lunes a Viernes de 8h00 a 13h00\u00a0 \u2013 14h00 a 17h00<\/p>\n<p><strong>e) Contratos Colectivos<\/strong><br \/>\nTexto integro de todos los contratos colectivos vigentes en la instituci\u00f3n, as\u00ed como sus anexos y reformas.<\/p>\n<p>NO APLICA<\/p>\n<p><strong>f) Formularios para Tr\u00e1mites<\/strong><br \/>\nSe publicar\u00e1n los formularios o formatos de solicitudes que se requieran para los tr\u00e1mites inherentes a su campo de acci\u00f3n.<\/p>\n<p><a href=\"http:\/\/gadparroquialsanjuan.gob.ec\/azuay\/wp-content\/uploads\/2014\/10\/DESCUENTO-TERCERA-EDAD-URBANO.pdf\">DESCUENTO TERCERA EDAD URBANO<\/a><\/p>\n<p><a href=\"http:\/\/gadparroquialsanjuan.gob.ec\/azuay\/wp-content\/uploads\/2014\/10\/DESCUENTO_TERCERA_EDAD_RUSTICOS.pdf\">DESCUENTO_TERCERA_EDAD_RUSTICOS<\/a><\/p>\n<p><a href=\"http:\/\/gadparroquialsanjuan.gob.ec\/azuay\/wp-content\/uploads\/2014\/10\/PATENTE.pdf\">PATENTE<\/a><\/p>\n<p><a href=\"http:\/\/gadparroquialsanjuan.gob.ec\/azuay\/wp-content\/uploads\/2014\/10\/Formularios.rar\">Formularios<\/a><\/p>\n<p><a href=\"http:\/\/gadparroquialsanjuan.gob.ec\/azuay\/wp-content\/uploads\/2014\/10\/COMPROBANTE-DE-COBRO-DE-PREDIOS-RUSTICOS-Y-URBANOS.jpg\"><img loading=\"lazy\" decoding=\"async\" class=\"alignnone size-medium wp-image-215\" src=\"http:\/\/gadparroquialsanjuan.gob.ec\/azuay\/wp-content\/uploads\/2014\/10\/COMPROBANTE-DE-COBRO-DE-PREDIOS-RUSTICOS-Y-URBANOS-300x219.jpg\" alt=\"COMPROBANTE DE COBRO DE PREDIOS RUSTICOS Y URBANOS\" width=\"300\" height=\"219\" data-id=\"215\" srcset=\"https:\/\/gadparroquialsanjuan.gob.ec\/azuay\/wp-content\/uploads\/2014\/10\/COMPROBANTE-DE-COBRO-DE-PREDIOS-RUSTICOS-Y-URBANOS-300x219.jpg 300w, https:\/\/gadparroquialsanjuan.gob.ec\/azuay\/wp-content\/uploads\/2014\/10\/COMPROBANTE-DE-COBRO-DE-PREDIOS-RUSTICOS-Y-URBANOS.jpg 700w\" sizes=\"auto, (max-width: 300px) 100vw, 300px\" \/><\/a><\/p>\n<p><a href=\"http:\/\/gadparroquialsanjuan.gob.ec\/azuay\/wp-content\/uploads\/2014\/10\/FORMULARIO-DECLARACION-PATRIMONIO-PARA-PATENTES.jpg\"><img loading=\"lazy\" decoding=\"async\" class=\"alignnone size-medium wp-image-216\" src=\"http:\/\/gadparroquialsanjuan.gob.ec\/azuay\/wp-content\/uploads\/2014\/10\/FORMULARIO-DECLARACION-PATRIMONIO-PARA-PATENTES-218x300.jpg\" alt=\"FORMULARIO DECLARACION PATRIMONIO PARA PATENTES\" width=\"218\" height=\"300\" data-id=\"216\" srcset=\"https:\/\/gadparroquialsanjuan.gob.ec\/azuay\/wp-content\/uploads\/2014\/10\/FORMULARIO-DECLARACION-PATRIMONIO-PARA-PATENTES-218x300.jpg 218w, https:\/\/gadparroquialsanjuan.gob.ec\/azuay\/wp-content\/uploads\/2014\/10\/FORMULARIO-DECLARACION-PATRIMONIO-PARA-PATENTES.jpg 700w\" sizes=\"auto, (max-width: 218px) 100vw, 218px\" \/><\/a><\/p>\n<p><strong>g) Presupuesto Anual<\/strong><br \/>\nInformaci\u00f3n total sobre el presupuesto anual que administra la instituci\u00f3n, especificando ingresos, gastos, financiamiento y resultados operativos de conformidad con los clasificadores presupuestales, as\u00ed como liquidaci\u00f3n del presupuesto, especificando destinatarios de la entrega de recursos p\u00fablicos.<\/p>\n<p><a href=\"http:\/\/gadparroquialsanjuan.gob.ec\/azuay\/wp-content\/uploads\/2014\/10\/Crystal-Reports-ActiveX-Designer-CedulaGastos2014.pdf\">Crystal Reports ActiveX Designer &#8211; CedulaGastos2014<\/a><\/p>\n<\/div>\n<div class=\"art-postcontent clearfix\"><a href=\"http:\/\/gadparroquialsanjuan.gob.ec\/azuay\/wp-content\/uploads\/2014\/10\/Crystal-Reports-ActiveX-Designer-CedulaIngresos2014.pdf\">Crystal Reports ActiveX Designer &#8211; CedulaIngresos2014<\/a><br \/>\n<strong>h) Auditorias Internas<\/strong><br \/>\nLos resultados de las auditorias internas y gubernamentales al ejercicio presupuestal.<\/div>\n<div class=\"art-postcontent clearfix\">NO APLICA<\/div>\n<div class=\"art-postcontent clearfix\">\n<p><strong>i) Procesos de Contrataci\u00f3n<\/strong><br \/>\nInformaci\u00f3n completa y detallada sobre los procesos pree-contractuales, contractuales, de adjudicaci\u00f3n y liquidaci\u00f3n de bienes, prestaci\u00f3n de servicios, arrendamientos mercantiles, etc, celebrados por la instituci\u00f3n con personas naturales o jur\u00eddicas, incluidos concesiones permisos o autorizaciones.<\/p>\n<p>CONTRATACI\u00d3N DIRECTA DE CONSULTORIA<\/p>\n<p>https:\/\/www.compraspublicas.gob.ec\/ProcesoContratacion\/compras\/PC\/informacionProcesoContratacion2.cpe?idSoliCompra=QxeXeeZjqK1rQjCFAYxQGdDy87XVZk8-7SfoMgHwL38,<\/p>\n<p><a href=\"http:\/\/gadparroquialsanjuan.gob.ec\/azuay\/wp-content\/uploads\/2014\/10\/CONTRATACION-DE-CONSULTORIA.pdf\">CONTRATACION DE CONSULTORIA<\/a><\/p>\n<p>MENOR CUANTIA OBRAS<\/p>\n<p>https:\/\/www.compraspublicas.gob.ec\/ProcesoContratacion\/compras\/PC\/informacionProcesoContratacion2.cpe?idSoliCompra=cpY8YKr23pquMGLq-47GRCj19Oq6JXp-8ptnP_huBt8,<\/p>\n<p><a href=\"http:\/\/gadparroquialsanjuan.gob.ec\/azuay\/wp-content\/uploads\/2014\/10\/CONTRATACION-DE-CONSULTORIA.pdf\">CONTRATACION DE CONSULTORIA<\/a><\/p>\n<p>SUBASTA INVERSA ELECTRONICA<\/p>\n<p>https:\/\/www.compraspublicas.gob.ec\/ProcesoContratacion\/compras\/PC\/informacionProcesoContratacion2.cpe?idSoliCompra=-0WP_q3PNN47liAhp35yZsVFcX2TGH2VR55ZGZ2gReU,<\/p>\n<p><a href=\"http:\/\/gadparroquialsanjuan.gob.ec\/azuay\/wp-content\/uploads\/2014\/10\/SUBASTA-INVERSA-ELECTRONICA.pdf\">SUBASTA INVERSA ELECTRONICA<\/a><\/p>\n<p><strong>j) Incumplimientos<\/strong><\/p>\n<p>Un listado de las empresas que han incumplido contratos con dicha instituci\u00f3n.<\/p>\n<p>NO APLICA<\/p>\n<p><strong>k) Planes y Programas<\/strong><br \/>\nPlanes y Programas de la Instituci\u00f3n en ejecuci\u00f3n.<\/p>\n<p><a href=\"http:\/\/gadparroquialsanjuan.gob.ec\/azuay\/wp-content\/uploads\/2014\/10\/POA-2014-GADPR-SAN-JUAN.pdf\">POA 2014 GADPR SAN JUAN<\/a><\/p>\n<p><a href=\"http:\/\/gadparroquialsanjuan.gob.ec\/azuay\/wp-content\/uploads\/2014\/10\/PLAN-ANUAL-DE-CONTRATACION-2014.pdf\">PLAN ANUAL DE CONTRATACION 2014<\/a><\/p>\n<p><strong>l) Financiamiento Interno y Externo<\/strong><br \/>\nEl detalle de los contratos de cr\u00e9dito externos o internos; se se\u00f1alar\u00e1 la fuente de los fondos con los que se pagar\u00e1n esos cr\u00e9ditos. Cuando se trate de prestamos o \u00a0contratos de financiamiento, se har\u00e1 constar, como lo prev\u00e9 la Ley Org\u00e1nica de Administraci\u00f3n Financiera y Control, Ley Org\u00e1nica de Contralor\u00eda General del Estado y la Ley Org\u00e1nica de Responsabilidad y Transparencia Fiscal, las operaciones y contratos de Cr\u00e9dito, los montos, plazo, costos financieros o tipos de inter\u00e9s.<\/p>\n<p>NO APLICA<\/p>\n<p><strong>m) Rendici\u00f3n de Cuentas<\/strong><br \/>\nMecanismos de rendici\u00f3n de cuentas a la ciudadan\u00eda, tales como metas e informes de gesti\u00f2n e indicadores de desempe\u00f1o.<\/p>\n<p><a href=\"http:\/\/gadparroquialsanjuan.gob.ec\/azuay\/wp-content\/uploads\/2014\/10\/RENDICI\u00d3N-DE-CUENTAS-SAN-JUAN-A\u00d1O-2014.pdf\">RENDICI\u00d3N DE CUENTAS SAN JUAN A\u00d1O 2014<\/a><\/p>\n<p><strong>n) Gesti\u00f3n Institucional<\/strong><br \/>\nLos vi\u00e1ticos, informes de trabajo y justificativos de movilizaci\u00f3n nacional o internacional \u00a0de las autoridades, dignatarios y funcionarios p\u00f9blicos.<\/p>\n<p><strong>o) Responsable de la Informaci\u00f3n<\/strong><br \/>\nEl nombre, direcci\u00f3n de la oficina, apartado postal y direcci\u00f3n electr\u00f3nica del responsable de atender la informaci\u00f3n p\u00fablica de que trata esta ley.<\/p>\n<p>SECRETARIA TESORERA: Tngla. Sandra Zhicay<\/p>\n<p>DIRECCI\u00d3N: Victor Miguel Moscoso y Honorato Vasquez: Frente al Parque Central<\/p>\n<p>CORREO: gpsanjuan@hotmail.com<\/p>\n<p>TELEFONOS: 07 (3052993-3050927)<\/p>\n<p><strong>s) Organismos Seccionales<\/strong><br \/>\nLos organismos seccionales, informar\u00e1n oportunamente a la ciudadan\u00eca de las resoluciones que adoptaren, mediante la publicaci\u00f3n de las actas de las respectivas sesiones de estos cuerpos colegiados, as\u00ed como sus planes de desarrollo local<\/p>\n<\/div>\n","protected":false},"excerpt":{"rendered":"<p>Documentos 2014 Art. 7.- Difusi\u00f3n de la Informaci\u00f3n P\u00fablica.- Por la transparencia en la gesti\u00f3n administrativa que est\u00e1n obligadas a observar todas las instituciones del Estado que conforman el sector p\u00fablico en los t\u00e9rminos del art\u00edculo 118 de la Constituci\u00f3n Pol\u00edtica de la Rep\u00fablica y dem\u00e1s entes se\u00f1alados en el art\u00edculo 1 de la presente [&hellip;]<\/p>\n","protected":false},"author":4,"featured_media":0,"parent":0,"menu_order":0,"comment_status":"closed","ping_status":"closed","template":"","meta":{"_joinchat":[],"footnotes":""},"class_list":["post-56","page","type-page","status-publish","hentry"],"yoast_head":"<!-- This site is optimized with the Yoast SEO plugin v24.1 - https:\/\/yoast.com\/wordpress\/plugins\/seo\/ -->\n<title>Documentos 2014 - GAD Parroquial de San Juan<\/title>\n<meta name=\"robots\" content=\"index, follow, max-snippet:-1, max-image-preview:large, max-video-preview:-1\" \/>\n<link rel=\"canonical\" href=\"https:\/\/gadparroquialsanjuan.gob.ec\/azuay\/documentos-2014-2015\/\" \/>\n<meta property=\"og:locale\" content=\"es_ES\" \/>\n<meta property=\"og:type\" content=\"article\" \/>\n<meta property=\"og:title\" content=\"Documentos 2014 - GAD Parroquial de San Juan\" \/>\n<meta property=\"og:description\" content=\"Documentos 2014 Art. 7.- Difusi\u00f3n de la Informaci\u00f3n P\u00fablica.- Por la transparencia en la gesti\u00f3n administrativa que est\u00e1n obligadas a observar todas las instituciones del Estado que conforman el sector p\u00fablico en los t\u00e9rminos del art\u00edculo 118 de la Constituci\u00f3n Pol\u00edtica de la Rep\u00fablica y dem\u00e1s entes se\u00f1alados en el art\u00edculo 1 de la presente [&hellip;]\" \/>\n<meta property=\"og:url\" content=\"https:\/\/gadparroquialsanjuan.gob.ec\/azuay\/documentos-2014-2015\/\" \/>\n<meta property=\"og:site_name\" content=\"GAD Parroquial de San Juan\" \/>\n<meta property=\"article:modified_time\" content=\"2022-01-19T13:54:14+00:00\" \/>\n<meta property=\"og:image\" content=\"http:\/\/gadparroquialsanjuan.gob.ec\/azuay\/wp-content\/uploads\/2014\/10\/COMPROBANTE-DE-COBRO-DE-PREDIOS-RUSTICOS-Y-URBANOS-300x219.jpg\" \/>\n<meta name=\"twitter:card\" content=\"summary_large_image\" \/>\n<meta name=\"twitter:label1\" content=\"Tiempo de lectura\" \/>\n\t<meta name=\"twitter:data1\" content=\"4 minutos\" \/>\n<script type=\"application\/ld+json\" class=\"yoast-schema-graph\">{\"@context\":\"https:\/\/schema.org\",\"@graph\":[{\"@type\":\"WebPage\",\"@id\":\"https:\/\/gadparroquialsanjuan.gob.ec\/azuay\/documentos-2014-2015\/\",\"url\":\"https:\/\/gadparroquialsanjuan.gob.ec\/azuay\/documentos-2014-2015\/\",\"name\":\"Documentos 2014 - GAD Parroquial de San Juan\",\"isPartOf\":{\"@id\":\"https:\/\/gadparroquialsanjuan.gob.ec\/azuay\/#website\"},\"primaryImageOfPage\":{\"@id\":\"https:\/\/gadparroquialsanjuan.gob.ec\/azuay\/documentos-2014-2015\/#primaryimage\"},\"image\":{\"@id\":\"https:\/\/gadparroquialsanjuan.gob.ec\/azuay\/documentos-2014-2015\/#primaryimage\"},\"thumbnailUrl\":\"http:\/\/gadparroquialsanjuan.gob.ec\/azuay\/wp-content\/uploads\/2014\/10\/COMPROBANTE-DE-COBRO-DE-PREDIOS-RUSTICOS-Y-URBANOS-300x219.jpg\",\"datePublished\":\"2014-10-24T14:00:34+00:00\",\"dateModified\":\"2022-01-19T13:54:14+00:00\",\"breadcrumb\":{\"@id\":\"https:\/\/gadparroquialsanjuan.gob.ec\/azuay\/documentos-2014-2015\/#breadcrumb\"},\"inLanguage\":\"es\",\"potentialAction\":[{\"@type\":\"ReadAction\",\"target\":[\"https:\/\/gadparroquialsanjuan.gob.ec\/azuay\/documentos-2014-2015\/\"]}]},{\"@type\":\"ImageObject\",\"inLanguage\":\"es\",\"@id\":\"https:\/\/gadparroquialsanjuan.gob.ec\/azuay\/documentos-2014-2015\/#primaryimage\",\"url\":\"https:\/\/gadparroquialsanjuan.gob.ec\/azuay\/wp-content\/uploads\/2014\/10\/COMPROBANTE-DE-COBRO-DE-PREDIOS-RUSTICOS-Y-URBANOS.jpg\",\"contentUrl\":\"https:\/\/gadparroquialsanjuan.gob.ec\/azuay\/wp-content\/uploads\/2014\/10\/COMPROBANTE-DE-COBRO-DE-PREDIOS-RUSTICOS-Y-URBANOS.jpg\",\"width\":700,\"height\":511},{\"@type\":\"BreadcrumbList\",\"@id\":\"https:\/\/gadparroquialsanjuan.gob.ec\/azuay\/documentos-2014-2015\/#breadcrumb\",\"itemListElement\":[{\"@type\":\"ListItem\",\"position\":1,\"name\":\"Home\",\"item\":\"https:\/\/gadparroquialsanjuan.gob.ec\/azuay\/\"},{\"@type\":\"ListItem\",\"position\":2,\"name\":\"Documentos 2014\"}]},{\"@type\":\"WebSite\",\"@id\":\"https:\/\/gadparroquialsanjuan.gob.ec\/azuay\/#website\",\"url\":\"https:\/\/gadparroquialsanjuan.gob.ec\/azuay\/\",\"name\":\"GAD Parroquial de San Juan\",\"description\":\"Sitio Oficial del GAD Parroquial San Juan Azuay\",\"publisher\":{\"@id\":\"https:\/\/gadparroquialsanjuan.gob.ec\/azuay\/#organization\"},\"potentialAction\":[{\"@type\":\"SearchAction\",\"target\":{\"@type\":\"EntryPoint\",\"urlTemplate\":\"https:\/\/gadparroquialsanjuan.gob.ec\/azuay\/?s={search_term_string}\"},\"query-input\":{\"@type\":\"PropertyValueSpecification\",\"valueRequired\":true,\"valueName\":\"search_term_string\"}}],\"inLanguage\":\"es\"},{\"@type\":\"Organization\",\"@id\":\"https:\/\/gadparroquialsanjuan.gob.ec\/azuay\/#organization\",\"name\":\"GAD parroquial de San Juan del Cid\",\"url\":\"https:\/\/gadparroquialsanjuan.gob.ec\/azuay\/\",\"logo\":{\"@type\":\"ImageObject\",\"inLanguage\":\"es\",\"@id\":\"https:\/\/gadparroquialsanjuan.gob.ec\/azuay\/#\/schema\/logo\/image\/\",\"url\":\"https:\/\/gadparroquialsanjuan.gob.ec\/azuay\/wp-content\/uploads\/2020\/06\/logoFooter.png\",\"contentUrl\":\"https:\/\/gadparroquialsanjuan.gob.ec\/azuay\/wp-content\/uploads\/2020\/06\/logoFooter.png\",\"width\":200,\"height\":150,\"caption\":\"GAD parroquial de San Juan del Cid\"},\"image\":{\"@id\":\"https:\/\/gadparroquialsanjuan.gob.ec\/azuay\/#\/schema\/logo\/image\/\"}}]}<\/script>\n<!-- \/ Yoast SEO plugin. -->","yoast_head_json":{"title":"Documentos 2014 - GAD Parroquial de San Juan","robots":{"index":"index","follow":"follow","max-snippet":"max-snippet:-1","max-image-preview":"max-image-preview:large","max-video-preview":"max-video-preview:-1"},"canonical":"https:\/\/gadparroquialsanjuan.gob.ec\/azuay\/documentos-2014-2015\/","og_locale":"es_ES","og_type":"article","og_title":"Documentos 2014 - GAD Parroquial de San Juan","og_description":"Documentos 2014 Art. 7.- Difusi\u00f3n de la Informaci\u00f3n P\u00fablica.- Por la transparencia en la gesti\u00f3n administrativa que est\u00e1n obligadas a observar todas las instituciones del Estado que conforman el sector p\u00fablico en los t\u00e9rminos del art\u00edculo 118 de la Constituci\u00f3n Pol\u00edtica de la Rep\u00fablica y dem\u00e1s entes se\u00f1alados en el art\u00edculo 1 de la presente [&hellip;]","og_url":"https:\/\/gadparroquialsanjuan.gob.ec\/azuay\/documentos-2014-2015\/","og_site_name":"GAD Parroquial de San Juan","article_modified_time":"2022-01-19T13:54:14+00:00","og_image":[{"url":"http:\/\/gadparroquialsanjuan.gob.ec\/azuay\/wp-content\/uploads\/2014\/10\/COMPROBANTE-DE-COBRO-DE-PREDIOS-RUSTICOS-Y-URBANOS-300x219.jpg","type":"","width":"","height":""}],"twitter_card":"summary_large_image","twitter_misc":{"Tiempo de lectura":"4 minutos"},"schema":{"@context":"https:\/\/schema.org","@graph":[{"@type":"WebPage","@id":"https:\/\/gadparroquialsanjuan.gob.ec\/azuay\/documentos-2014-2015\/","url":"https:\/\/gadparroquialsanjuan.gob.ec\/azuay\/documentos-2014-2015\/","name":"Documentos 2014 - GAD Parroquial de San Juan","isPartOf":{"@id":"https:\/\/gadparroquialsanjuan.gob.ec\/azuay\/#website"},"primaryImageOfPage":{"@id":"https:\/\/gadparroquialsanjuan.gob.ec\/azuay\/documentos-2014-2015\/#primaryimage"},"image":{"@id":"https:\/\/gadparroquialsanjuan.gob.ec\/azuay\/documentos-2014-2015\/#primaryimage"},"thumbnailUrl":"http:\/\/gadparroquialsanjuan.gob.ec\/azuay\/wp-content\/uploads\/2014\/10\/COMPROBANTE-DE-COBRO-DE-PREDIOS-RUSTICOS-Y-URBANOS-300x219.jpg","datePublished":"2014-10-24T14:00:34+00:00","dateModified":"2022-01-19T13:54:14+00:00","breadcrumb":{"@id":"https:\/\/gadparroquialsanjuan.gob.ec\/azuay\/documentos-2014-2015\/#breadcrumb"},"inLanguage":"es","potentialAction":[{"@type":"ReadAction","target":["https:\/\/gadparroquialsanjuan.gob.ec\/azuay\/documentos-2014-2015\/"]}]},{"@type":"ImageObject","inLanguage":"es","@id":"https:\/\/gadparroquialsanjuan.gob.ec\/azuay\/documentos-2014-2015\/#primaryimage","url":"https:\/\/gadparroquialsanjuan.gob.ec\/azuay\/wp-content\/uploads\/2014\/10\/COMPROBANTE-DE-COBRO-DE-PREDIOS-RUSTICOS-Y-URBANOS.jpg","contentUrl":"https:\/\/gadparroquialsanjuan.gob.ec\/azuay\/wp-content\/uploads\/2014\/10\/COMPROBANTE-DE-COBRO-DE-PREDIOS-RUSTICOS-Y-URBANOS.jpg","width":700,"height":511},{"@type":"BreadcrumbList","@id":"https:\/\/gadparroquialsanjuan.gob.ec\/azuay\/documentos-2014-2015\/#breadcrumb","itemListElement":[{"@type":"ListItem","position":1,"name":"Home","item":"https:\/\/gadparroquialsanjuan.gob.ec\/azuay\/"},{"@type":"ListItem","position":2,"name":"Documentos 2014"}]},{"@type":"WebSite","@id":"https:\/\/gadparroquialsanjuan.gob.ec\/azuay\/#website","url":"https:\/\/gadparroquialsanjuan.gob.ec\/azuay\/","name":"GAD Parroquial de San Juan","description":"Sitio Oficial del GAD Parroquial San Juan Azuay","publisher":{"@id":"https:\/\/gadparroquialsanjuan.gob.ec\/azuay\/#organization"},"potentialAction":[{"@type":"SearchAction","target":{"@type":"EntryPoint","urlTemplate":"https:\/\/gadparroquialsanjuan.gob.ec\/azuay\/?s={search_term_string}"},"query-input":{"@type":"PropertyValueSpecification","valueRequired":true,"valueName":"search_term_string"}}],"inLanguage":"es"},{"@type":"Organization","@id":"https:\/\/gadparroquialsanjuan.gob.ec\/azuay\/#organization","name":"GAD parroquial de San Juan del Cid","url":"https:\/\/gadparroquialsanjuan.gob.ec\/azuay\/","logo":{"@type":"ImageObject","inLanguage":"es","@id":"https:\/\/gadparroquialsanjuan.gob.ec\/azuay\/#\/schema\/logo\/image\/","url":"https:\/\/gadparroquialsanjuan.gob.ec\/azuay\/wp-content\/uploads\/2020\/06\/logoFooter.png","contentUrl":"https:\/\/gadparroquialsanjuan.gob.ec\/azuay\/wp-content\/uploads\/2020\/06\/logoFooter.png","width":200,"height":150,"caption":"GAD parroquial de San Juan del Cid"},"image":{"@id":"https:\/\/gadparroquialsanjuan.gob.ec\/azuay\/#\/schema\/logo\/image\/"}}]}},"_links":{"self":[{"href":"https:\/\/gadparroquialsanjuan.gob.ec\/azuay\/wp-json\/wp\/v2\/pages\/56","targetHints":{"allow":["GET"]}}],"collection":[{"href":"https:\/\/gadparroquialsanjuan.gob.ec\/azuay\/wp-json\/wp\/v2\/pages"}],"about":[{"href":"https:\/\/gadparroquialsanjuan.gob.ec\/azuay\/wp-json\/wp\/v2\/types\/page"}],"author":[{"embeddable":true,"href":"https:\/\/gadparroquialsanjuan.gob.ec\/azuay\/wp-json\/wp\/v2\/users\/4"}],"replies":[{"embeddable":true,"href":"https:\/\/gadparroquialsanjuan.gob.ec\/azuay\/wp-json\/wp\/v2\/comments?post=56"}],"version-history":[{"count":14,"href":"https:\/\/gadparroquialsanjuan.gob.ec\/azuay\/wp-json\/wp\/v2\/pages\/56\/revisions"}],"predecessor-version":[{"id":232,"href":"https:\/\/gadparroquialsanjuan.gob.ec\/azuay\/wp-json\/wp\/v2\/pages\/56\/revisions\/232"}],"wp:attachment":[{"href":"https:\/\/gadparroquialsanjuan.gob.ec\/azuay\/wp-json\/wp\/v2\/media?parent=56"}],"curies":[{"name":"wp","href":"https:\/\/api.w.org\/{rel}","templated":true}]}}