{"id":458,"date":"2017-01-31T14:26:49","date_gmt":"2017-01-31T18:26:49","guid":{"rendered":"http:\/\/gadparroquialsanjuan.gob.ec\/azuay\/?page_id=458"},"modified":"2018-03-29T16:08:45","modified_gmt":"2018-03-29T20:08:45","slug":"rendicion-de-cuentas-2017","status":"publish","type":"page","link":"https:\/\/gadparroquialsanjuan.gob.ec\/azuay\/rendicion-de-cuentas-2017\/","title":{"rendered":"Rendici\u00f3n de Cuentas 2017"},"content":{"rendered":"<p style=\"text-align: center;\"><span style=\"color: #ff0000;\"><strong>META POA<\/strong><\/span><\/p>\n<p><strong>POA GAD PARROQUIAL SAN JUAN 2017<\/strong><\/p>\n<p><a href=\"http:\/\/gadparroquialsanjuan.gob.ec\/azuay\/wp-content\/uploads\/2017\/01\/7-CEDULA-PRESUPUESTRIA-DE-GASTOS-2017.pdf\">7-CEDULA PRESUPUESTRIA DE GASTOS 2017<\/a><\/p>\n<p><a href=\"http:\/\/gadparroquialsanjuan.gob.ec\/azuay\/wp-content\/uploads\/2017\/01\/6-CEDULA-PRESUPUESTARIA-DE-INGRESOS.pdf\">6-CEDULA PRESUPUESTARIA DE INGRESOS<\/a><\/p>\n<p><strong>ATENCION MEDICA Y DESAROLLO DE HABILIDADES Y DESTREZAS PARA EL ADULTO MAYOR<\/strong><\/p>\n<p><a href=\"http:\/\/gadparroquialsanjuan.gob.ec\/azuay\/wp-content\/uploads\/2016\/02\/PROYECTO-DESARROLLO-DE-HABILIDADES-Y-DESTREZAS-DEL-ADULTO-MAYOR-2016.pdf\">PROYECTO DESARROLLO DE HABILIDADES Y DESTREZAS DEL ADULTO MAYOR<\/a><\/p>\n<p><strong><a href=\"http:\/\/gadparroquialsanjuan.gob.ec\/azuay\/wp-content\/uploads\/2017\/01\/P1-ATENCION-MEDICA-Y-DESAROLLO-DE-HABILIDADES-Y-DESTREZAS-PARA-EL-ADULTO-MAYOR.pdf\">P1-ATENCION MEDICA Y DESAROLLO DE HABILIDADES Y DESTREZAS PARA EL ADULTO MAYOR<\/a> <\/strong><\/p>\n<p><strong>DESARROLLO INFANTIL INTEGRAL PARA NI\u00d1OS, NI\u00d1AS, ADOLESCENTES 10-17<\/strong><\/p>\n<p><a href=\"http:\/\/gadparroquialsanjuan.gob.ec\/azuay\/wp-content\/uploads\/2016\/02\/PROYECTO-DESARROLLO-DE-HABILIDADES-Y-DESTREZAS-DEL-ADULTO-MAYOR-2016.pdf\">PROYECTO DESARROLLO DE HABILIDADES Y DESTREZAS DEL ADULTO MAYOR<\/a><\/p>\n<p><a href=\"http:\/\/gadparroquialsanjuan.gob.ec\/azuay\/wp-content\/uploads\/2017\/01\/P2-DESARROLLO-INFANTIL-INTEGRAL-PARA-ATENCION-A-NI\u00d1OS-NI\u00d1AS-Y-ADOLECENTES-10-17.pdf\">P2-DESARROLLO INFANTIL INTEGRAL PARA ATENCION A NI\u00d1OS, NI\u00d1AS Y ADOLECENTES 10-17<\/a><\/p>\n<p><strong>DESARROLLO INFANTIL INTEGRAL PARA ANTENCION A NI\u00d1OS Y NI\u00d1AS MENORES DE 3 A\u00d1OS<\/strong><\/p>\n<p><a href=\"http:\/\/gadparroquialsanjuan.gob.ec\/azuay\/wp-content\/uploads\/2016\/02\/PROYECTO-DESARROLLO-DE-HABILIDADES-Y-DESTREZAS-DEL-ADULTO-MAYOR-2016.pdf\">PROYECTO DESARROLLO DE HABILIDADES Y DESTREZAS DEL ADULTO MAYOR<\/a><\/p>\n<p><a href=\"http:\/\/gadparroquialsanjuan.gob.ec\/azuay\/wp-content\/uploads\/2017\/01\/P3-DESARROLLO-INFANTIL-INTEGRAL-PARA-ANTENCION-A-NI\u00d1OS-Y-NI\u00d1AS-MENORES-DE-3-A\u00d1OS.pdf\">P3-DESARROLLO INFANTIL INTEGRAL PARA ANTENCION A NI\u00d1OS Y NI\u00d1AS MENORES DE 3 A\u00d1OS<\/a><\/p>\n<p><strong>DESARROLLO INFANTIL INTEGRAL MEDIANTE COLONIAS VACACION<\/strong>ALES<\/p>\n<p><a href=\"http:\/\/gadparroquialsanjuan.gob.ec\/azuay\/wp-content\/uploads\/2017\/01\/P4-DESARROLLO-INFANTIL-INTEGRAL-MEDIANTE-COLONIAS-VACACIONALES.pdf\">P4-DESARROLLO INFANTIL INTEGRAL MEDIANTE COLONIAS VACACIONALES<\/a><\/p>\n<p><strong>PROYECTO DE FORMACION Y EXHIBICION CULTURAL<\/strong><\/p>\n<p><a href=\"http:\/\/gadparroquialsanjuan.gob.ec\/azuay\/wp-content\/uploads\/2017\/01\/P5-PROYECTO-DE-FORMACION-Y-EXHIBICION-CULTURAL.pdf\">P5-PROYECTO DE FORMACION Y EXHIBICION CULTURAL<\/a><\/p>\n<p><strong>RECICLAJE Y RECOLECCION DE RESIDUOS SOLIDOS<\/strong><\/p>\n<p><a href=\"http:\/\/gadparroquialsanjuan.gob.ec\/azuay\/wp-content\/uploads\/2016\/02\/PROYECTO-2016-RECOLECCI\u00d3N-DE-BASURA-EN-LAS-COMUNIDADES.pdf\">PROYECTO RECOLECCI\u00d3N DE BASURA EN LAS COMUNIDADES<\/a><\/p>\n<p><a href=\"http:\/\/gadparroquialsanjuan.gob.ec\/azuay\/wp-content\/uploads\/2017\/01\/P6-RECICLAJE-Y-RECOLECCI\u00d3N-DE-RESIDUOS-SOLIDOS.pdf\">P6-RECICLAJE Y RECOLECCI\u00d3N DE RESIDUOS SOLIDOS<\/a><\/p>\n<p><strong>FORTALECIMIENTO DE ESPACIOS PUBLICOS &#8220;BARRIO VIRGEN DEL CARMEN Y COMUNIDADES&#8221;<\/strong><\/p>\n<p><a href=\"http:\/\/gadparroquialsanjuan.gob.ec\/azuay\/wp-content\/uploads\/2017\/01\/P7-FORTALECIMIENTO-DE-ESPACIOS-PUBLICOS-BARRIO-VIRGEN-DEL-CARMEN-Y-COMUNIDADES.pdf\">P7-FORTALECIMIENTO DE ESPACIOS PUBLICOS BARRIO VIRGEN DEL CARMEN Y COMUNIDADES<\/a><\/p>\n<p><strong>ZONA\u00a0 PROTEGIDA CONSORCIO DEL AGUARONGO<\/strong><\/p>\n<p><a href=\"http:\/\/gadparroquialsanjuan.gob.ec\/azuay\/wp-content\/uploads\/2017\/01\/P8-APORTE-CONVENIO-DEL-AGUARONGO.pdf\">P8-APORTE CONVENIO DEL AGUARONGO<\/a><\/p>\n<p><strong>MANTENIMIENTO VIAL DE LAS ZONAS DE RIESGO Y SUS CAUSES EN LA ZONA URBANA Y PERIURBANA DE SAN JUAN<\/strong><\/p>\n<p><a href=\"http:\/\/gadparroquialsanjuan.gob.ec\/azuay\/wp-content\/uploads\/2017\/01\/P9-MANTENIMIENTO-VIAL-DE-LAS-ZONAS-DE-RIESGO-Y-SUS-CAUSES-EN-LA-ZONA-URBANA-Y-PERIURBANA-DE-SAN-JUAN.pdf\">P9-MANTENIMIENTO VIAL DE LAS ZONAS DE RIESGO Y SUS CAUSES EN LA ZONA URBANA Y PERIURBANA DE SAN JUAN<\/a><\/p>\n<p><strong>MEJORAMIENTO Y MANTENIMIENTO VIAL RURAL (TASA SOLIDARIA)<\/strong><\/p>\n<p><a href=\"http:\/\/gadparroquialsanjuan.gob.ec\/azuay\/wp-content\/uploads\/2017\/01\/P10-MEJORAMIENTO-Y-MANTENIMIENTO-VIAL-RURAL-TASA-SOLIDARIA.pdf\">P10-MEJORAMIENTO Y MANTENIMIENTO VIAL RURAL (TASA SOLIDARIA)<\/a><\/p>\n<p><strong>MEJORAMIENTO DEL DESARROLLO AGROPECUARIO-PRODUCTIVO Y CULTURAL DE LA PARROQUIA SAN JUAN<\/strong><\/p>\n<p><a href=\"http:\/\/gadparroquialsanjuan.gob.ec\/azuay\/wp-content\/uploads\/2017\/01\/P11-MEJORAMIENTO-DEL-DESARROLLO-AGROPECUARIO-PRODUCTIVO-Y-CULTURAL-DE-LA-PARROQUIA-SAN-JUAN.pdf\">P11-MEJORAMIENTO DEL DESARROLLO AGROPECUARIO-PRODUCTIVO Y CULTURAL DE LA PARROQUIA SAN JUAN<\/a><\/p>\n<p><strong>ASESORAMIENTO Y PLANIFICACION PARA LA ADMINISTRACION DEL GOBIERNO PARROQUIAL<\/strong><\/p>\n<p><a href=\"http:\/\/gadparroquialsanjuan.gob.ec\/azuay\/wp-content\/uploads\/2017\/01\/P12-ASESORAMIENTO-Y-PLANIFICACION-PARA-LA-ADMINISTRACION-DEL-GOBIERNO-PARROQUIAL.pdf\">P12-ASESORAMIENTO Y PLANIFICACION PARA LA ADMINISTRACION DEL GOBIERNO PARROQUIAL<\/a><\/p>\n<p><strong>ADQUISICION DE BIENES PARA EL GOBIERNO PARROQUIAL<\/strong><\/p>\n<p><a href=\"http:\/\/gadparroquialsanjuan.gob.ec\/azuay\/wp-content\/uploads\/2017\/01\/P13-ADQUISICION-DE-BIENES-PARA-EL-GOBIERNO-PARROQUIAL.pdf\">P13-ADQUISICION DE BIENES PARA EL GOBIERNO PARROQUIAL<\/a><\/p>\n<p><strong>PROYECTO DE INFRAESTRUCTURA &#8211; IVA POR COBRAR &#8211; OBRAS DE ARRASTRE<\/strong><\/p>\n<p><a href=\"http:\/\/gadparroquialsanjuan.gob.ec\/azuay\/wp-content\/uploads\/2017\/01\/P14-PROYECTO-DE-INFRAESTRUCTURA-IVA-POR-COBRAR-OBRAS-DE-ARRASTRE.pdf\">P14-PROYECTO DE INFRAESTRUCTURA &#8211; IVA POR COBRAR &#8211; OBRAS DE ARRASTRE<\/a><\/p>\n<p><strong>ACTUALIZACI\u00d3N DE PDyOT<\/strong><\/p>\n<p><a href=\"http:\/\/gadparroquialsanjuan.gob.ec\/azuay\/wp-content\/uploads\/2017\/01\/P15-ACTUALIZACI\u00d3N-DE-PDyOT.pdf\">P15-ACTUALIZACI\u00d3N DE PDyOT<\/a><\/p>\n<p><strong>FORESTACION Y REFORESTACION CON FINES DE RESTAURACION Y PROTECCION DE FUENTES HIDRICAS<\/strong><\/p>\n<p><a href=\"http:\/\/gadparroquialsanjuan.gob.ec\/azuay\/wp-content\/uploads\/2016\/02\/Convenio-SENAGUA-II.pdf\">Convenio SENAGUA II<\/a><\/p>\n<p><a href=\"http:\/\/gadparroquialsanjuan.gob.ec\/azuay\/wp-content\/uploads\/2016\/02\/CONVENIO_MAE.pdf\">CONVENIO_MAE<\/a><\/p>\n<p><strong>GASTO CORRIENTE PLANIFICADO<\/strong><\/p>\n<p><strong>Presupuesto Anual<br \/>\n<\/strong> Informaci\u00f3n total sobre el presupuesto anual que administra la instituci\u00f3n, especificando ingresos, gastos, financiamiento y resultados operativos de conformidad con los clasificadores presupuestales, as\u00ed como liquidaci\u00f3n del presupuesto, especificando destinatarios de la entrega de recursos p\u00fablicos.<\/p>\n<p>&nbsp;<\/p>\n<p><strong>FORTALECIMIENTO DE LA ADMINISTRACION PUBLICA<\/strong><\/p>\n<p><a href=\"http:\/\/gadparroquialsanjuan.gob.ec\/azuay\/wp-content\/uploads\/2017\/01\/FORTALECIMIENTO-DE-LA-ADMINISTRACION-PUBLICA.pdf\">FORTALECIMIENTO DE LA ADMINISTRACION PUBLICA<\/a><\/p>\n<p><strong>SISTEMA DE PARTICIPACI\u00d3N CIUDADANA Art. 304<\/strong><\/p>\n<p><a href=\"http:\/\/gadparroquialsanjuan.gob.ec\/azuay\/wp-content\/uploads\/2017\/01\/REGISTRO-ASITENCIA-PRIMERA-ASAMBLEA-PRIORIZACION-OBRAS-2018.pdf\">REGISTRO ASITENCIA PRIMERA ASAMBLEA PRIORIZACION OBRAS 2018<\/a><\/p>\n<p><strong>MECANISMOS DE\u00a0 PARTICIPACI\u00d3N CIUDADANA<\/strong><\/p>\n<p><a href=\"http:\/\/gadparroquialsanjuan.gob.ec\/azuay\/wp-content\/uploads\/2016\/02\/ATENCION-A-CIUDADANIA.pdf\">ATENCION A CIUDADANIA<\/a><\/p>\n<p><a href=\"http:\/\/gadparroquialsanjuan.gob.ec\/azuay\/wp-content\/uploads\/2017\/01\/REGISTRO-ASITENCIA-PRIMERA-ASAMBLEA-PRIORIZACION-OBRAS-2018-1.pdf\">REGISTRO ASITENCIA PRIMERA ASAMBLEA PRIORIZACION OBRAS 2018<\/a><\/p>\n<p><a href=\"http:\/\/gadparroquialsanjuan.gob.ec\/azuay\/wp-content\/uploads\/2017\/01\/INVITACION-APROBACION-PRIORIZACION-OBRAS-2018-1.pdf\">INVITACION APROBACION PRIORIZACION OBRAS 2018<\/a><\/p>\n<p><strong>RENDICION DE CUENTAS<\/strong><\/p>\n<p><a href=\"http:\/\/gadparroquialsanjuan.gob.ec\/azuay\/wp-content\/uploads\/2017\/01\/DELEGACION-TECNICOS-PARA-RENDICION-DE-CUENTAS-2017.pdf\">DELEGACION TECNICOS PARA RENDICION DE CUENTAS 2017<\/a><\/p>\n<p><a href=\"http:\/\/gadparroquialsanjuan.gob.ec\/azuay\/wp-content\/uploads\/2017\/01\/ACTA-DE-CONFORMACION-EQUIPO-TECNICO-RENDICION-CUENTA-2017.pdf\">ACTA DE CONFORMACION EQUIPO TECNICO RENDICION CUENTA 2017<\/a><\/p>\n<p><a href=\"http:\/\/gadparroquialsanjuan.gob.ec\/azuay\/wp-content\/uploads\/2017\/01\/INVITACION_MIEMBROS_PLANIFICACIO-RENDICION-DE-CUENTAS-2017.pdf\">INVITACION_MIEMBROS_PLANIFICACIO RENDICION DE CUENTAS 2017<\/a><\/p>\n<p><a href=\"http:\/\/gadparroquialsanjuan.gob.ec\/azuay\/wp-content\/uploads\/2017\/01\/INFORME-RENDICION-DE-CUIENTA-2017.pdf\">INFORME RENDICION DE CUIENTA 2017<\/a><\/p>\n<p><a href=\"http:\/\/gadparroquialsanjuan.gob.ec\/azuay\/wp-content\/uploads\/2017\/01\/RESPUESTA_PREGUNTAS_-RENDICION-DE-CUENTAS-2017.pdf\">RESPUESTA_PREGUNTAS_ RENDICION DE CUENTAS 2017<\/a><\/p>\n<p><a href=\"http:\/\/gadparroquialsanjuan.gob.ec\/azuay\/wp-content\/uploads\/2017\/01\/INVITACION-RENDICION-CUENTAS-2017.pdf\">INVITACION RENDICION CUENTAS 2017<\/a><\/p>\n<p><a href=\"http:\/\/gadparroquialsanjuan.gob.ec\/azuay\/wp-content\/uploads\/2017\/01\/REGISTRO-ASITENCIA-RENDICION-DE-CUENTAS-2017.pdf\">REGISTRO ASITENCIA RENDICION DE CUENTAS 2017<\/a><\/p>\n<p><a href=\"http:\/\/gadparroquialsanjuan.gob.ec\/azuay\/wp-content\/uploads\/2017\/01\/ACTA-DE-COMPROMISOS-RENDICION-DE-CUENTAS-2017001.pdf\">ACTA DE COMPROMISOS RENDICION DE CUENTAS 2017001<\/a><\/p>\n","protected":false},"excerpt":{"rendered":"<p>META POA POA GAD PARROQUIAL SAN JUAN 2017 7-CEDULA PRESUPUESTRIA DE GASTOS 2017 6-CEDULA PRESUPUESTARIA DE INGRESOS ATENCION MEDICA Y DESAROLLO DE HABILIDADES Y DESTREZAS PARA EL ADULTO MAYOR PROYECTO DESARROLLO DE HABILIDADES Y DESTREZAS DEL ADULTO MAYOR P1-ATENCION MEDICA Y DESAROLLO DE HABILIDADES Y DESTREZAS PARA EL ADULTO MAYOR DESARROLLO INFANTIL INTEGRAL PARA NI\u00d1OS, [&hellip;]<\/p>\n","protected":false},"author":4,"featured_media":0,"parent":0,"menu_order":0,"comment_status":"closed","ping_status":"closed","template":"","meta":{"_joinchat":[],"footnotes":""},"class_list":["post-458","page","type-page","status-publish","hentry"],"yoast_head":"<!-- This site is optimized with the Yoast SEO plugin v24.1 - https:\/\/yoast.com\/wordpress\/plugins\/seo\/ -->\n<title>Rendici\u00f3n de Cuentas 2017 - GAD Parroquial de San Juan<\/title>\n<meta name=\"robots\" content=\"index, follow, max-snippet:-1, max-image-preview:large, max-video-preview:-1\" \/>\n<link rel=\"canonical\" href=\"https:\/\/gadparroquialsanjuan.gob.ec\/azuay\/rendicion-de-cuentas-2017\/\" \/>\n<meta property=\"og:locale\" content=\"es_ES\" \/>\n<meta property=\"og:type\" content=\"article\" \/>\n<meta property=\"og:title\" content=\"Rendici\u00f3n de Cuentas 2017 - GAD Parroquial de San Juan\" \/>\n<meta property=\"og:description\" content=\"META POA POA GAD PARROQUIAL SAN JUAN 2017 7-CEDULA PRESUPUESTRIA DE GASTOS 2017 6-CEDULA PRESUPUESTARIA DE INGRESOS ATENCION MEDICA Y DESAROLLO DE HABILIDADES Y DESTREZAS PARA EL ADULTO MAYOR PROYECTO DESARROLLO DE HABILIDADES Y DESTREZAS DEL ADULTO MAYOR P1-ATENCION MEDICA Y DESAROLLO DE HABILIDADES Y DESTREZAS PARA EL ADULTO MAYOR DESARROLLO INFANTIL INTEGRAL PARA NI\u00d1OS, [&hellip;]\" \/>\n<meta property=\"og:url\" content=\"https:\/\/gadparroquialsanjuan.gob.ec\/azuay\/rendicion-de-cuentas-2017\/\" \/>\n<meta property=\"og:site_name\" content=\"GAD Parroquial de San Juan\" \/>\n<meta property=\"article:modified_time\" content=\"2018-03-29T20:08:45+00:00\" \/>\n<meta name=\"twitter:card\" content=\"summary_large_image\" \/>\n<meta name=\"twitter:label1\" content=\"Tiempo de lectura\" \/>\n\t<meta name=\"twitter:data1\" content=\"2 minutos\" \/>\n<script type=\"application\/ld+json\" class=\"yoast-schema-graph\">{\"@context\":\"https:\/\/schema.org\",\"@graph\":[{\"@type\":\"WebPage\",\"@id\":\"https:\/\/gadparroquialsanjuan.gob.ec\/azuay\/rendicion-de-cuentas-2017\/\",\"url\":\"https:\/\/gadparroquialsanjuan.gob.ec\/azuay\/rendicion-de-cuentas-2017\/\",\"name\":\"Rendici\u00f3n de Cuentas 2017 - GAD Parroquial de San Juan\",\"isPartOf\":{\"@id\":\"https:\/\/gadparroquialsanjuan.gob.ec\/azuay\/#website\"},\"datePublished\":\"2017-01-31T18:26:49+00:00\",\"dateModified\":\"2018-03-29T20:08:45+00:00\",\"breadcrumb\":{\"@id\":\"https:\/\/gadparroquialsanjuan.gob.ec\/azuay\/rendicion-de-cuentas-2017\/#breadcrumb\"},\"inLanguage\":\"es\",\"potentialAction\":[{\"@type\":\"ReadAction\",\"target\":[\"https:\/\/gadparroquialsanjuan.gob.ec\/azuay\/rendicion-de-cuentas-2017\/\"]}]},{\"@type\":\"BreadcrumbList\",\"@id\":\"https:\/\/gadparroquialsanjuan.gob.ec\/azuay\/rendicion-de-cuentas-2017\/#breadcrumb\",\"itemListElement\":[{\"@type\":\"ListItem\",\"position\":1,\"name\":\"Home\",\"item\":\"https:\/\/gadparroquialsanjuan.gob.ec\/azuay\/\"},{\"@type\":\"ListItem\",\"position\":2,\"name\":\"Rendici\u00f3n de Cuentas 2017\"}]},{\"@type\":\"WebSite\",\"@id\":\"https:\/\/gadparroquialsanjuan.gob.ec\/azuay\/#website\",\"url\":\"https:\/\/gadparroquialsanjuan.gob.ec\/azuay\/\",\"name\":\"GAD Parroquial de San Juan\",\"description\":\"Sitio Oficial del GAD Parroquial San Juan Azuay\",\"publisher\":{\"@id\":\"https:\/\/gadparroquialsanjuan.gob.ec\/azuay\/#organization\"},\"potentialAction\":[{\"@type\":\"SearchAction\",\"target\":{\"@type\":\"EntryPoint\",\"urlTemplate\":\"https:\/\/gadparroquialsanjuan.gob.ec\/azuay\/?s={search_term_string}\"},\"query-input\":{\"@type\":\"PropertyValueSpecification\",\"valueRequired\":true,\"valueName\":\"search_term_string\"}}],\"inLanguage\":\"es\"},{\"@type\":\"Organization\",\"@id\":\"https:\/\/gadparroquialsanjuan.gob.ec\/azuay\/#organization\",\"name\":\"GAD parroquial de San Juan del Cid\",\"url\":\"https:\/\/gadparroquialsanjuan.gob.ec\/azuay\/\",\"logo\":{\"@type\":\"ImageObject\",\"inLanguage\":\"es\",\"@id\":\"https:\/\/gadparroquialsanjuan.gob.ec\/azuay\/#\/schema\/logo\/image\/\",\"url\":\"https:\/\/gadparroquialsanjuan.gob.ec\/azuay\/wp-content\/uploads\/2020\/06\/logoFooter.png\",\"contentUrl\":\"https:\/\/gadparroquialsanjuan.gob.ec\/azuay\/wp-content\/uploads\/2020\/06\/logoFooter.png\",\"width\":200,\"height\":150,\"caption\":\"GAD parroquial de San Juan del Cid\"},\"image\":{\"@id\":\"https:\/\/gadparroquialsanjuan.gob.ec\/azuay\/#\/schema\/logo\/image\/\"}}]}<\/script>\n<!-- \/ Yoast SEO plugin. -->","yoast_head_json":{"title":"Rendici\u00f3n de Cuentas 2017 - GAD Parroquial de San Juan","robots":{"index":"index","follow":"follow","max-snippet":"max-snippet:-1","max-image-preview":"max-image-preview:large","max-video-preview":"max-video-preview:-1"},"canonical":"https:\/\/gadparroquialsanjuan.gob.ec\/azuay\/rendicion-de-cuentas-2017\/","og_locale":"es_ES","og_type":"article","og_title":"Rendici\u00f3n de Cuentas 2017 - GAD Parroquial de San Juan","og_description":"META POA POA GAD PARROQUIAL SAN JUAN 2017 7-CEDULA PRESUPUESTRIA DE GASTOS 2017 6-CEDULA PRESUPUESTARIA DE INGRESOS ATENCION MEDICA Y DESAROLLO DE HABILIDADES Y DESTREZAS PARA EL ADULTO MAYOR PROYECTO DESARROLLO DE HABILIDADES Y DESTREZAS DEL ADULTO MAYOR P1-ATENCION MEDICA Y DESAROLLO DE HABILIDADES Y DESTREZAS PARA EL ADULTO MAYOR DESARROLLO INFANTIL INTEGRAL PARA NI\u00d1OS, [&hellip;]","og_url":"https:\/\/gadparroquialsanjuan.gob.ec\/azuay\/rendicion-de-cuentas-2017\/","og_site_name":"GAD Parroquial de San Juan","article_modified_time":"2018-03-29T20:08:45+00:00","twitter_card":"summary_large_image","twitter_misc":{"Tiempo de lectura":"2 minutos"},"schema":{"@context":"https:\/\/schema.org","@graph":[{"@type":"WebPage","@id":"https:\/\/gadparroquialsanjuan.gob.ec\/azuay\/rendicion-de-cuentas-2017\/","url":"https:\/\/gadparroquialsanjuan.gob.ec\/azuay\/rendicion-de-cuentas-2017\/","name":"Rendici\u00f3n de Cuentas 2017 - GAD Parroquial de San Juan","isPartOf":{"@id":"https:\/\/gadparroquialsanjuan.gob.ec\/azuay\/#website"},"datePublished":"2017-01-31T18:26:49+00:00","dateModified":"2018-03-29T20:08:45+00:00","breadcrumb":{"@id":"https:\/\/gadparroquialsanjuan.gob.ec\/azuay\/rendicion-de-cuentas-2017\/#breadcrumb"},"inLanguage":"es","potentialAction":[{"@type":"ReadAction","target":["https:\/\/gadparroquialsanjuan.gob.ec\/azuay\/rendicion-de-cuentas-2017\/"]}]},{"@type":"BreadcrumbList","@id":"https:\/\/gadparroquialsanjuan.gob.ec\/azuay\/rendicion-de-cuentas-2017\/#breadcrumb","itemListElement":[{"@type":"ListItem","position":1,"name":"Home","item":"https:\/\/gadparroquialsanjuan.gob.ec\/azuay\/"},{"@type":"ListItem","position":2,"name":"Rendici\u00f3n de Cuentas 2017"}]},{"@type":"WebSite","@id":"https:\/\/gadparroquialsanjuan.gob.ec\/azuay\/#website","url":"https:\/\/gadparroquialsanjuan.gob.ec\/azuay\/","name":"GAD Parroquial de San Juan","description":"Sitio Oficial del GAD Parroquial San Juan Azuay","publisher":{"@id":"https:\/\/gadparroquialsanjuan.gob.ec\/azuay\/#organization"},"potentialAction":[{"@type":"SearchAction","target":{"@type":"EntryPoint","urlTemplate":"https:\/\/gadparroquialsanjuan.gob.ec\/azuay\/?s={search_term_string}"},"query-input":{"@type":"PropertyValueSpecification","valueRequired":true,"valueName":"search_term_string"}}],"inLanguage":"es"},{"@type":"Organization","@id":"https:\/\/gadparroquialsanjuan.gob.ec\/azuay\/#organization","name":"GAD parroquial de San Juan del Cid","url":"https:\/\/gadparroquialsanjuan.gob.ec\/azuay\/","logo":{"@type":"ImageObject","inLanguage":"es","@id":"https:\/\/gadparroquialsanjuan.gob.ec\/azuay\/#\/schema\/logo\/image\/","url":"https:\/\/gadparroquialsanjuan.gob.ec\/azuay\/wp-content\/uploads\/2020\/06\/logoFooter.png","contentUrl":"https:\/\/gadparroquialsanjuan.gob.ec\/azuay\/wp-content\/uploads\/2020\/06\/logoFooter.png","width":200,"height":150,"caption":"GAD parroquial de San Juan del Cid"},"image":{"@id":"https:\/\/gadparroquialsanjuan.gob.ec\/azuay\/#\/schema\/logo\/image\/"}}]}},"_links":{"self":[{"href":"https:\/\/gadparroquialsanjuan.gob.ec\/azuay\/wp-json\/wp\/v2\/pages\/458","targetHints":{"allow":["GET"]}}],"collection":[{"href":"https:\/\/gadparroquialsanjuan.gob.ec\/azuay\/wp-json\/wp\/v2\/pages"}],"about":[{"href":"https:\/\/gadparroquialsanjuan.gob.ec\/azuay\/wp-json\/wp\/v2\/types\/page"}],"author":[{"embeddable":true,"href":"https:\/\/gadparroquialsanjuan.gob.ec\/azuay\/wp-json\/wp\/v2\/users\/4"}],"replies":[{"embeddable":true,"href":"https:\/\/gadparroquialsanjuan.gob.ec\/azuay\/wp-json\/wp\/v2\/comments?post=458"}],"version-history":[{"count":18,"href":"https:\/\/gadparroquialsanjuan.gob.ec\/azuay\/wp-json\/wp\/v2\/pages\/458\/revisions"}],"predecessor-version":[{"id":674,"href":"https:\/\/gadparroquialsanjuan.gob.ec\/azuay\/wp-json\/wp\/v2\/pages\/458\/revisions\/674"}],"wp:attachment":[{"href":"https:\/\/gadparroquialsanjuan.gob.ec\/azuay\/wp-json\/wp\/v2\/media?parent=458"}],"curies":[{"name":"wp","href":"https:\/\/api.w.org\/{rel}","templated":true}]}}