{"id":330,"date":"2016-02-17T11:08:11","date_gmt":"2016-02-17T15:08:11","guid":{"rendered":"http:\/\/gadparroquialsanjuan.gob.ec\/azuay\/?page_id=330"},"modified":"2018-03-27T12:19:15","modified_gmt":"2018-03-27T16:19:15","slug":"rendicion-de-cuentas-2016","status":"publish","type":"page","link":"https:\/\/gadparroquialsanjuan.gob.ec\/azuay\/rendicion-de-cuentas-2016\/","title":{"rendered":"Rendici\u00f3n de Cuentas 2016"},"content":{"rendered":"<p style=\"text-align: center;\"><span style=\"color: #0000ff;\"><strong><span style=\"text-decoration: underline;\">META POA<\/span><\/strong><\/span><\/p>\n<p><strong><span style=\"color: #000000;\">POA GAD PARROQUIAL SAN JUAN 2016<\/span><\/strong><\/p>\n<p><a href=\"http:\/\/gadparroquialsanjuan.gob.ec\/azuay\/wp-content\/uploads\/2016\/02\/06-CEDULA-PRESUPUESTARIA-DE-INGRESOS-1.pdf\">06-CEDULA PRESUPUESTARIA DE INGRESOS<\/a><\/p>\n<p><a href=\"http:\/\/gadparroquialsanjuan.gob.ec\/azuay\/wp-content\/uploads\/2016\/02\/07-CEDULA-PRESUPUESTARIA-DE-GASTOS-1.pdf\">07-CEDULA PRESUPUESTARIA DE GASTOS<\/a><\/p>\n<p><strong><span style=\"color: #000000;\">ATENCION INTEGRAL PARA EL BIENESTAR DEL ADULTO MAYOR, PERSONAS CON CAPACIDADES ESPECIALES DE LA PARROQUIA Y SECTOR VULNERABLE<\/span><\/strong><\/p>\n<p><a href=\"http:\/\/gadparroquialsanjuan.gob.ec\/azuay\/wp-content\/uploads\/2016\/02\/PROYECTO-DESARROLLO-DE-HABILIDADES-Y-DESTREZAS-DEL-ADULTO-MAYOR-2016.pdf\">PROYECTO DESARROLLO DE HABILIDADES Y DESTREZAS DEL ADULTO MAYOR 2016<\/a><\/p>\n<p><span style=\"color: #000000;\"><strong>DESARROLLO INFANTIL INTEGRAL PARA NI\u00d1OS, NI\u00d1AS, ADOLESCENTES 10-17<\/strong><\/span><\/p>\n<p><a href=\"http:\/\/gadparroquialsanjuan.gob.ec\/azuay\/wp-content\/uploads\/2016\/02\/PROYECTO-DESARROLLO-DE-HABILIDADES-Y-DESTREZAS-DEL-ADULTO-MAYOR-2016.pdf\">PROYECTO DESARROLLO DE HABILIDADES Y DESTREZAS DEL ADULTO MAYOR 2016<\/a><\/p>\n<p><strong><span style=\"color: #000000;\">DESARROLLO INFANTIL INTENGRAL PARA ATENCION A NI\u00d1OS NI\u00d1AS ADOLESCENTES MENORES DE 3<\/span><\/strong><\/p>\n<p><a href=\"http:\/\/gadparroquialsanjuan.gob.ec\/azuay\/wp-content\/uploads\/2016\/02\/PROYECTO-DESARROLLO-DE-HABILIDADES-Y-DESTREZAS-DEL-ADULTO-MAYOR-2016.pdf\">PROYECTO DESARROLLO DE HABILIDADES Y DESTREZAS DEL ADULTO MAYOR 2016<\/a><\/p>\n<p><span style=\"color: #000000;\"><strong>FORMACION Y EXHIBICION CULTURAL<\/strong><\/span><\/p>\n<p><a href=\"http:\/\/gadparroquialsanjuan.gob.ec\/azuay\/wp-content\/uploads\/2016\/02\/PROYECTO5-2017-FORMACION-Y-EXHIBICION-CULTURAL.pdf\">PROYECTO5-2017 FORMACION Y EXHIBICION CULTURAL<\/a><\/p>\n<p><span style=\"color: #000000;\"><strong>RECICLAJE Y RECOLECCION DE RESIDUOS SOLIDOS<\/strong><\/span><\/p>\n<p><a href=\"http:\/\/gadparroquialsanjuan.gob.ec\/azuay\/wp-content\/uploads\/2016\/02\/PROYECTO-2016-RECOLECCI\u00d3N-DE-BASURA-EN-LAS-COMUNIDADES.pdf\">PROYECTO 2016 RECOLECCI\u00d3N DE BASURA EN LAS COMUNIDADES<\/a><\/p>\n<p><span style=\"color: #000000;\"><strong>ZONA\u00a0 PROTEGIDA CONSORCIO DEL AGUARONGO<\/strong><\/span><\/p>\n<p><a href=\"http:\/\/gadparroquialsanjuan.gob.ec\/azuay\/wp-content\/uploads\/2016\/02\/028-PAGO-AFECTADA-TRANSFERENCIA-CONSORCIO-AGUARONGO.pdf\">028-PAGO AFECTADA TRANSFERENCIA CONSORCIO AGUARONGO<\/a> <a href=\"http:\/\/gadparroquialsanjuan.gob.ec\/azuay\/wp-content\/uploads\/2016\/02\/028-PAGO-REGISTRADA-TRANSFERENCIA-CONSORCIO-AGUARONGO.pdf\">028-PAGO REGISTRADA TRANSFERENCIA CONSORCIO AGUARONGO<\/a><\/p>\n<p><a href=\"http:\/\/gadparroquialsanjuan.gob.ec\/azuay\/wp-content\/uploads\/2016\/02\/PROYECTO6-2016-APORTE-CONSORCIO-AGUARONGO.pdf\">PROYECTO6-2016 APORTE CONSORCIO AGUARONGO<\/a><\/p>\n<p><span style=\"color: #000000;\"><strong>FORESTACION Y REFORESTACION CON FINES DE RESTAURACION Y PROTECCION DE FUENTES HIDRICAS<\/strong><\/span><\/p>\n<p><a href=\"http:\/\/gadparroquialsanjuan.gob.ec\/azuay\/wp-content\/uploads\/2016\/02\/Convenio-SENAGUA-II.pdf\">Convenio SENAGUA II<\/a><\/p>\n<p><a href=\"http:\/\/gadparroquialsanjuan.gob.ec\/azuay\/wp-content\/uploads\/2016\/02\/CONVENIO_MAE.pdf\">CONVENIO_MAE<\/a><\/p>\n<p><span style=\"color: #000000;\"><strong>VIALIDAD DE LA PARROQUIA &#8211; TASA SOLIDARIA<\/strong><\/span><\/p>\n<p><a href=\"http:\/\/gadparroquialsanjuan.gob.ec\/azuay\/wp-content\/uploads\/2016\/02\/PROYECTO11-2016-TASA-SOLIDARIA.pdf\">PROYECTO11-2016 TASA SOLIDARIA<\/a><\/p>\n<p><span style=\"color: #000000;\"><strong>DESARROLLO PRODUCTIVO, SUMINISTROS AGROPECUARIOS<\/strong><\/span><\/p>\n<p><a href=\"http:\/\/gadparroquialsanjuan.gob.ec\/azuay\/wp-content\/uploads\/2016\/02\/PROYECTO12-2016-DESARROLLO-PRODUCTIVO.pdf\">PROYECTO12-2016 DESARROLLO PRODUCTIVO<\/a><\/p>\n<p><span style=\"color: #000000;\"><strong>AQUISICION DE BIENES PARA EL GAD PARROQUIAL<\/strong><\/span><\/p>\n<p><a href=\"http:\/\/gadparroquialsanjuan.gob.ec\/azuay\/wp-content\/uploads\/2016\/02\/BIENES_GAD_SAN_JUAN.pdf\">BIENES_GAD_SAN_JUAN<\/a><\/p>\n<p><span style=\"color: #000000;\"><strong>RECUPERACION DE IVA<\/strong><\/span><\/p>\n<p>&nbsp;<\/p>\n<p><span style=\"color: #000000;\"><strong>CONSTRUCCION DE LA CASA SALUSTINO PACHECO<\/strong><\/span><\/p>\n<p>&nbsp;<\/p>\n<p><strong><span style=\"color: #000000;\">GASTO CORRIENTE PLANIFICADO<\/span><\/strong><\/p>\n<p><strong>Presupuesto Anual<br \/>\n<\/strong> Informaci\u00f3n total sobre el presupuesto anual que administra la instituci\u00f3n, especificando ingresos, gastos, financiamiento y resultados operativos de conformidad con los clasificadores presupuestales, as\u00ed como liquidaci\u00f3n del presupuesto, especificando destinatarios de la entrega de recursos p\u00fablicos.<\/p>\n<p><a href=\"http:\/\/gadparroquialsanjuan.gob.ec\/azuay\/wp-content\/uploads\/2016\/02\/06-CEDULA-PRESUPUESTARIA-DE-INGRESOS.pdf\">06-CEDULA PRESUPUESTARIA DE INGRESOS<\/a><\/p>\n<p><a href=\"http:\/\/gadparroquialsanjuan.gob.ec\/azuay\/wp-content\/uploads\/2016\/02\/07-CEDULA-PRESUPUESTARIA-DE-GASTOS.pdf\">07-CEDULA PRESUPUESTARIA DE GASTOS<\/a><\/p>\n<p><strong><span style=\"color: #000000;\">FORTALECIMIENTO DE LA ADMINISTRACION PUBLICA<\/span><\/strong><\/p>\n<p><a href=\"http:\/\/gadparroquialsanjuan.gob.ec\/azuay\/wp-content\/uploads\/2016\/02\/FORTALECIMIENTO_ADMINISTRACION_PUBLICA.pdf\">FORTALECIMIENTO_ADMINISTRACION_PUBLICA<\/a><\/p>\n<p><strong><span style=\"color: #000000;\">MINGAS COMUNITARIAS<\/span><\/strong><\/p>\n<p>&nbsp;<\/p>\n<p><span style=\"color: #008000;\">SISTEMA DE PARTICIPACI\u00d3N CIUDADANA Art. 304<\/span><\/p>\n<p><a href=\"http:\/\/gadparroquialsanjuan.gob.ec\/azuay\/wp-content\/uploads\/2016\/02\/PRIMERA-PRIORIZACION-DE-OBRAS-POA.pdf\">PRIMERA PRIORIZACION DE OBRAS POA<\/a><\/p>\n<p><span style=\"color: #008000;\">MECANISMOS DE\u00a0 PARTICIPACI\u00d3N CIUDADANA<\/span><\/p>\n<p><a href=\"http:\/\/gadparroquialsanjuan.gob.ec\/azuay\/wp-content\/uploads\/2016\/02\/ATENCION-A-CIUDADANIA.pdf\">ATENCION A CIUDADANIA<\/a><\/p>\n<p><a href=\"http:\/\/gadparroquialsanjuan.gob.ec\/azuay\/wp-content\/uploads\/2016\/02\/SOCIALIZACION-POA-2017.pdf\">SOCIALIZACION POA 2017<\/a><\/p>\n<p><a href=\"http:\/\/gadparroquialsanjuan.gob.ec\/azuay\/wp-content\/uploads\/2016\/02\/CONSTRUCCION_ASISTENCIA_POA_2017.pdf\">CONSTRUCCION_ASISTENCIA_POA_2017<\/a><\/p>\n<p><span style=\"color: #008000;\">RENDICION DE CUENTAS<\/span><\/p>\n<p><a href=\"http:\/\/gadparroquialsanjuan.gob.ec\/azuay\/wp-content\/uploads\/2016\/02\/OFICIO_PRIMERA_INSTANCIA_RENDICION_CUENTAS.pdf\">OFICIO_PRIMERA_INSTANCIA_RENDICION_CUENTAS<\/a><\/p>\n<p><a href=\"http:\/\/gadparroquialsanjuan.gob.ec\/azuay\/wp-content\/uploads\/2016\/02\/OFICIO-CPCyCS001.pdf\">OFICIO CPCyCS001<\/a> <b><\/b><i><\/i><u><\/u><\/p>\n<p><a href=\"http:\/\/gadparroquialsanjuan.gob.ec\/azuay\/wp-content\/uploads\/2016\/02\/REGISTRO_ASISTENCIA_PRIMERA_RENDICION-DE-CUANTAS.pdf\">REGISTRO_ASISTENCIA_PRIMERA_RENDICION DE CUANTAS<\/a><\/p>\n<p><b><\/b><i><\/i><u><a href=\"http:\/\/gadparroquialsanjuan.gob.ec\/azuay\/wp-content\/uploads\/2016\/02\/OFICIO_ENTREGA_RESPUESTAS__RENDICION_CUENTAS.pdf\">OFICIO_ENTREGA_RESPUESTAS__RENDICION_CUENTAS<\/a><\/u><\/p>\n<p><a href=\"http:\/\/gadparroquialsanjuan.gob.ec\/azuay\/wp-content\/uploads\/2016\/02\/preguntas_rendicion-de-cuentas.pdf\">preguntas_rendicion de cuentas<\/a><\/p>\n<p>&nbsp;<\/p>\n<p><span style=\"color: #008000;\">PARTICIPACION CIUDADANA<\/span><\/p>\n<p>&nbsp;<\/p>\n<p><span style=\"color: #008000;\">NIVEL DE CUMPLIMIENTO DE LOS COMPROMISOS ASUMIDOS EN LA RENDICI\u00d3N DE CUENTAS DEL A\u00d1O ANTERIOR<\/span><\/p>\n<p><span style=\"color: #008000;\">CONVENIO DE COOPERACION INTERINSTITUCIONAL, ENTRE EL GOBIERNO PROVINVIAL DEL AZUAY Y EL GAD PARRROQUIAL SAN JUAN; CONVENIO CON AGRO-AZUAY; CONVENIO CON CUERPO DE BOMBEROS GUALACEO; CONVENIO CON SENAGUA II; CONVENIO CON MAGAP; CONVENIO CON ASOCIANCIAN LA RESURRECION; CONVENIO CON EL MAE.<\/span><\/p>\n<p>&nbsp;<\/p>\n<p>&nbsp;<\/p>\n<p><span style=\"color: #008000;\">MINGAS O TRABAJOS COMUNITARIOS<\/span><\/p>\n<p>&nbsp;<\/p>\n<p><span style=\"color: #008000;\">INFRAESTRUCTURA<\/span><\/p>\n<p>&nbsp;<\/p>\n<p><span style=\"color: #008000;\">DIFUSION Y COMUNICACI\u00d3N DE LA GESTI\u00d3N INSTITUCIONAL<\/span><\/p>\n<p><span style=\"color: #008000;\">MEDIOS DE COMUNICACION<\/span><\/p>\n<p>&nbsp;<\/p>\n<p>&nbsp;<\/p>\n<p><span style=\"color: #008000;\">PROYECTOS SOCIALES<\/span><\/p>\n<p><a href=\"http:\/\/gadparroquialsanjuan.gob.ec\/azuay\/wp-content\/uploads\/2016\/02\/PROYECTO1-2016-ADULTO-MAYOR.pdf\">PROYECTO1-2016 ADULTO MAYOR<\/a><\/p>\n<p><span style=\"color: #0066cc;\"><u><a href=\"http:\/\/gadparroquialsanjuan.gob.ec\/azuay\/wp-content\/uploads\/2016\/02\/PROYECTO2-2016-NI\u00d1OS-Y-ADOLECENTES-1.pdf\">PROYECTO2-2016 NI\u00d1OS Y ADOLECENTES<\/a><\/u><\/span><\/p>\n<p><span style=\"color: #0066cc;\"><a href=\"http:\/\/gadparroquialsanjuan.gob.ec\/azuay\/wp-content\/uploads\/2016\/02\/PROYECTO3-2016-NI\u00d1OS-MENORES-3-A\u00d1OAS.pdf\">PROYECTO3-2016 NI\u00d1OS MENORES 3 A\u00d1OAS<\/a> <\/span><\/p>\n<p><a href=\"http:\/\/gadparroquialsanjuan.gob.ec\/azuay\/wp-content\/uploads\/2016\/02\/PROYECTO5-2017-FORMACION-Y-EXHIBICION-CULTURAL.pdf\">PROYECTO5-2017 FORMACION Y EXHIBICION CULTURAL<\/a><\/p>\n<p><a href=\"http:\/\/gadparroquialsanjuan.gob.ec\/azuay\/wp-content\/uploads\/2016\/02\/PROYECTO6-2016-APORTE-CONSORCIO-AGUARONGO.pdf\">PROYECTO6-2016 APORTE CONSORCIO AGUARONGO<\/a><\/p>\n<p><a href=\"http:\/\/gadparroquialsanjuan.gob.ec\/azuay\/wp-content\/uploads\/2016\/02\/PROYECTO7-2016-FORESTACION-Y-REFORESTACION.pdf\">PROYECTO7-2016 FORESTACION Y REFORESTACION<\/a> <b><\/b><\/p>\n<p><a href=\"http:\/\/gadparroquialsanjuan.gob.ec\/azuay\/wp-content\/uploads\/2016\/02\/PROYECTO8-2016-DESECHOS-SOLIDOS2016.pdf\">PROYECTO8-2016 DESECHOS SOLIDOS2016<\/a> <b><\/b><i><\/i><u><\/u><\/p>\n<p><a href=\"http:\/\/gadparroquialsanjuan.gob.ec\/azuay\/wp-content\/uploads\/2016\/02\/PROYECTO9-2016-FORTALECIMIENTO-DE-ESPACIOS-PUBLICOS.pdf\">P<\/a><a href=\"http:\/\/gadparroquialsanjuan.gob.ec\/azuay\/wp-content\/uploads\/2016\/02\/PROYECTO9-2016-FORTALECIMIENTO-DE-ESPACIOS-PUBLICOS.pdf\">ROYECTO9-2016 FORTALECIMIENTO DE ESPACIOS PUBLICOS<\/a> <b><\/b><i><\/i><u><\/u><\/p>\n<p><a href=\"http:\/\/gadparroquialsanjuan.gob.ec\/azuay\/wp-content\/uploads\/2016\/02\/PROYECTO10-2016-MANTENIMIENTO-VIAL-ZONA-RIESGOS.pdf\">PROYECTO10-2016 MANTENIMIENTO VIAL ZONA RIESGOS<\/a> <b><\/b><i><\/i><u><\/u><\/p>\n<p><a href=\"http:\/\/gadparroquialsanjuan.gob.ec\/azuay\/wp-content\/uploads\/2016\/02\/PROYECTO11-2016-TASA-SOLIDARIA.pdf\">PROYECTO11-2016 TASA SOLIDARIA<\/a> <b><\/b><i><\/i><u><\/u><\/p>\n<p><a href=\"http:\/\/gadparroquialsanjuan.gob.ec\/azuay\/wp-content\/uploads\/2016\/02\/PROYECTO12-2016-DESARROLLO-PRODUCTIVO.pdf\">PROYECTO12-2016 DESARROLLO PRODUCTIVO<\/a> <b><\/b><i><\/i><u><\/u><\/p>\n<p><a href=\"http:\/\/gadparroquialsanjuan.gob.ec\/azuay\/wp-content\/uploads\/2016\/02\/PROYECTO13-2016-ASESORIA-PARA-PLANIFICACION-PARROQUIAL.pdf\">PROYECTO13-2016 ASESORIA PARA PLANIFICACION PARROQUIAL<\/a><\/p>\n","protected":false},"excerpt":{"rendered":"<p>META POA POA GAD PARROQUIAL SAN JUAN 2016 06-CEDULA PRESUPUESTARIA DE INGRESOS 07-CEDULA PRESUPUESTARIA DE GASTOS ATENCION INTEGRAL PARA EL BIENESTAR DEL ADULTO MAYOR, PERSONAS CON CAPACIDADES ESPECIALES DE LA PARROQUIA Y SECTOR VULNERABLE PROYECTO DESARROLLO DE HABILIDADES Y DESTREZAS DEL ADULTO MAYOR 2016 DESARROLLO INFANTIL INTEGRAL PARA NI\u00d1OS, NI\u00d1AS, ADOLESCENTES 10-17 PROYECTO DESARROLLO DE [&hellip;]<\/p>\n","protected":false},"author":4,"featured_media":0,"parent":0,"menu_order":0,"comment_status":"closed","ping_status":"closed","template":"","meta":{"_joinchat":[],"footnotes":""},"class_list":["post-330","page","type-page","status-publish","hentry"],"yoast_head":"<!-- This site is optimized with the Yoast SEO plugin v24.1 - https:\/\/yoast.com\/wordpress\/plugins\/seo\/ -->\n<title>Rendici\u00f3n de Cuentas 2016 - GAD Parroquial de San Juan<\/title>\n<meta name=\"robots\" content=\"index, follow, max-snippet:-1, max-image-preview:large, max-video-preview:-1\" \/>\n<link rel=\"canonical\" href=\"https:\/\/gadparroquialsanjuan.gob.ec\/azuay\/rendicion-de-cuentas-2016\/\" \/>\n<meta property=\"og:locale\" content=\"es_ES\" \/>\n<meta property=\"og:type\" content=\"article\" \/>\n<meta property=\"og:title\" content=\"Rendici\u00f3n de Cuentas 2016 - GAD Parroquial de San Juan\" \/>\n<meta property=\"og:description\" content=\"META POA POA GAD PARROQUIAL SAN JUAN 2016 06-CEDULA PRESUPUESTARIA DE INGRESOS 07-CEDULA PRESUPUESTARIA DE GASTOS ATENCION INTEGRAL PARA EL BIENESTAR DEL ADULTO MAYOR, PERSONAS CON CAPACIDADES ESPECIALES DE LA PARROQUIA Y SECTOR VULNERABLE PROYECTO DESARROLLO DE HABILIDADES Y DESTREZAS DEL ADULTO MAYOR 2016 DESARROLLO INFANTIL INTEGRAL PARA NI\u00d1OS, NI\u00d1AS, ADOLESCENTES 10-17 PROYECTO DESARROLLO DE [&hellip;]\" \/>\n<meta property=\"og:url\" content=\"https:\/\/gadparroquialsanjuan.gob.ec\/azuay\/rendicion-de-cuentas-2016\/\" \/>\n<meta property=\"og:site_name\" content=\"GAD Parroquial de San Juan\" \/>\n<meta property=\"article:modified_time\" content=\"2018-03-27T16:19:15+00:00\" \/>\n<meta name=\"twitter:card\" content=\"summary_large_image\" \/>\n<meta name=\"twitter:label1\" content=\"Tiempo de lectura\" \/>\n\t<meta name=\"twitter:data1\" content=\"2 minutos\" \/>\n<script type=\"application\/ld+json\" class=\"yoast-schema-graph\">{\"@context\":\"https:\/\/schema.org\",\"@graph\":[{\"@type\":\"WebPage\",\"@id\":\"https:\/\/gadparroquialsanjuan.gob.ec\/azuay\/rendicion-de-cuentas-2016\/\",\"url\":\"https:\/\/gadparroquialsanjuan.gob.ec\/azuay\/rendicion-de-cuentas-2016\/\",\"name\":\"Rendici\u00f3n de Cuentas 2016 - GAD Parroquial de San Juan\",\"isPartOf\":{\"@id\":\"https:\/\/gadparroquialsanjuan.gob.ec\/azuay\/#website\"},\"datePublished\":\"2016-02-17T15:08:11+00:00\",\"dateModified\":\"2018-03-27T16:19:15+00:00\",\"breadcrumb\":{\"@id\":\"https:\/\/gadparroquialsanjuan.gob.ec\/azuay\/rendicion-de-cuentas-2016\/#breadcrumb\"},\"inLanguage\":\"es\",\"potentialAction\":[{\"@type\":\"ReadAction\",\"target\":[\"https:\/\/gadparroquialsanjuan.gob.ec\/azuay\/rendicion-de-cuentas-2016\/\"]}]},{\"@type\":\"BreadcrumbList\",\"@id\":\"https:\/\/gadparroquialsanjuan.gob.ec\/azuay\/rendicion-de-cuentas-2016\/#breadcrumb\",\"itemListElement\":[{\"@type\":\"ListItem\",\"position\":1,\"name\":\"Home\",\"item\":\"https:\/\/gadparroquialsanjuan.gob.ec\/azuay\/\"},{\"@type\":\"ListItem\",\"position\":2,\"name\":\"Rendici\u00f3n de Cuentas 2016\"}]},{\"@type\":\"WebSite\",\"@id\":\"https:\/\/gadparroquialsanjuan.gob.ec\/azuay\/#website\",\"url\":\"https:\/\/gadparroquialsanjuan.gob.ec\/azuay\/\",\"name\":\"GAD Parroquial de San Juan\",\"description\":\"Sitio Oficial del GAD Parroquial San Juan Azuay\",\"publisher\":{\"@id\":\"https:\/\/gadparroquialsanjuan.gob.ec\/azuay\/#organization\"},\"potentialAction\":[{\"@type\":\"SearchAction\",\"target\":{\"@type\":\"EntryPoint\",\"urlTemplate\":\"https:\/\/gadparroquialsanjuan.gob.ec\/azuay\/?s={search_term_string}\"},\"query-input\":{\"@type\":\"PropertyValueSpecification\",\"valueRequired\":true,\"valueName\":\"search_term_string\"}}],\"inLanguage\":\"es\"},{\"@type\":\"Organization\",\"@id\":\"https:\/\/gadparroquialsanjuan.gob.ec\/azuay\/#organization\",\"name\":\"GAD parroquial de San Juan del Cid\",\"url\":\"https:\/\/gadparroquialsanjuan.gob.ec\/azuay\/\",\"logo\":{\"@type\":\"ImageObject\",\"inLanguage\":\"es\",\"@id\":\"https:\/\/gadparroquialsanjuan.gob.ec\/azuay\/#\/schema\/logo\/image\/\",\"url\":\"https:\/\/gadparroquialsanjuan.gob.ec\/azuay\/wp-content\/uploads\/2020\/06\/logoFooter.png\",\"contentUrl\":\"https:\/\/gadparroquialsanjuan.gob.ec\/azuay\/wp-content\/uploads\/2020\/06\/logoFooter.png\",\"width\":200,\"height\":150,\"caption\":\"GAD parroquial de San Juan del Cid\"},\"image\":{\"@id\":\"https:\/\/gadparroquialsanjuan.gob.ec\/azuay\/#\/schema\/logo\/image\/\"}}]}<\/script>\n<!-- \/ Yoast SEO plugin. -->","yoast_head_json":{"title":"Rendici\u00f3n de Cuentas 2016 - GAD Parroquial de San Juan","robots":{"index":"index","follow":"follow","max-snippet":"max-snippet:-1","max-image-preview":"max-image-preview:large","max-video-preview":"max-video-preview:-1"},"canonical":"https:\/\/gadparroquialsanjuan.gob.ec\/azuay\/rendicion-de-cuentas-2016\/","og_locale":"es_ES","og_type":"article","og_title":"Rendici\u00f3n de Cuentas 2016 - GAD Parroquial de San Juan","og_description":"META POA POA GAD PARROQUIAL SAN JUAN 2016 06-CEDULA PRESUPUESTARIA DE INGRESOS 07-CEDULA PRESUPUESTARIA DE GASTOS ATENCION INTEGRAL PARA EL BIENESTAR DEL ADULTO MAYOR, PERSONAS CON CAPACIDADES ESPECIALES DE LA PARROQUIA Y SECTOR VULNERABLE PROYECTO DESARROLLO DE HABILIDADES Y DESTREZAS DEL ADULTO MAYOR 2016 DESARROLLO INFANTIL INTEGRAL PARA NI\u00d1OS, NI\u00d1AS, ADOLESCENTES 10-17 PROYECTO DESARROLLO DE [&hellip;]","og_url":"https:\/\/gadparroquialsanjuan.gob.ec\/azuay\/rendicion-de-cuentas-2016\/","og_site_name":"GAD Parroquial de San Juan","article_modified_time":"2018-03-27T16:19:15+00:00","twitter_card":"summary_large_image","twitter_misc":{"Tiempo de lectura":"2 minutos"},"schema":{"@context":"https:\/\/schema.org","@graph":[{"@type":"WebPage","@id":"https:\/\/gadparroquialsanjuan.gob.ec\/azuay\/rendicion-de-cuentas-2016\/","url":"https:\/\/gadparroquialsanjuan.gob.ec\/azuay\/rendicion-de-cuentas-2016\/","name":"Rendici\u00f3n de Cuentas 2016 - GAD Parroquial de San Juan","isPartOf":{"@id":"https:\/\/gadparroquialsanjuan.gob.ec\/azuay\/#website"},"datePublished":"2016-02-17T15:08:11+00:00","dateModified":"2018-03-27T16:19:15+00:00","breadcrumb":{"@id":"https:\/\/gadparroquialsanjuan.gob.ec\/azuay\/rendicion-de-cuentas-2016\/#breadcrumb"},"inLanguage":"es","potentialAction":[{"@type":"ReadAction","target":["https:\/\/gadparroquialsanjuan.gob.ec\/azuay\/rendicion-de-cuentas-2016\/"]}]},{"@type":"BreadcrumbList","@id":"https:\/\/gadparroquialsanjuan.gob.ec\/azuay\/rendicion-de-cuentas-2016\/#breadcrumb","itemListElement":[{"@type":"ListItem","position":1,"name":"Home","item":"https:\/\/gadparroquialsanjuan.gob.ec\/azuay\/"},{"@type":"ListItem","position":2,"name":"Rendici\u00f3n de Cuentas 2016"}]},{"@type":"WebSite","@id":"https:\/\/gadparroquialsanjuan.gob.ec\/azuay\/#website","url":"https:\/\/gadparroquialsanjuan.gob.ec\/azuay\/","name":"GAD Parroquial de San Juan","description":"Sitio Oficial del GAD Parroquial San Juan Azuay","publisher":{"@id":"https:\/\/gadparroquialsanjuan.gob.ec\/azuay\/#organization"},"potentialAction":[{"@type":"SearchAction","target":{"@type":"EntryPoint","urlTemplate":"https:\/\/gadparroquialsanjuan.gob.ec\/azuay\/?s={search_term_string}"},"query-input":{"@type":"PropertyValueSpecification","valueRequired":true,"valueName":"search_term_string"}}],"inLanguage":"es"},{"@type":"Organization","@id":"https:\/\/gadparroquialsanjuan.gob.ec\/azuay\/#organization","name":"GAD parroquial de San Juan del Cid","url":"https:\/\/gadparroquialsanjuan.gob.ec\/azuay\/","logo":{"@type":"ImageObject","inLanguage":"es","@id":"https:\/\/gadparroquialsanjuan.gob.ec\/azuay\/#\/schema\/logo\/image\/","url":"https:\/\/gadparroquialsanjuan.gob.ec\/azuay\/wp-content\/uploads\/2020\/06\/logoFooter.png","contentUrl":"https:\/\/gadparroquialsanjuan.gob.ec\/azuay\/wp-content\/uploads\/2020\/06\/logoFooter.png","width":200,"height":150,"caption":"GAD parroquial de San Juan del Cid"},"image":{"@id":"https:\/\/gadparroquialsanjuan.gob.ec\/azuay\/#\/schema\/logo\/image\/"}}]}},"_links":{"self":[{"href":"https:\/\/gadparroquialsanjuan.gob.ec\/azuay\/wp-json\/wp\/v2\/pages\/330","targetHints":{"allow":["GET"]}}],"collection":[{"href":"https:\/\/gadparroquialsanjuan.gob.ec\/azuay\/wp-json\/wp\/v2\/pages"}],"about":[{"href":"https:\/\/gadparroquialsanjuan.gob.ec\/azuay\/wp-json\/wp\/v2\/types\/page"}],"author":[{"embeddable":true,"href":"https:\/\/gadparroquialsanjuan.gob.ec\/azuay\/wp-json\/wp\/v2\/users\/4"}],"replies":[{"embeddable":true,"href":"https:\/\/gadparroquialsanjuan.gob.ec\/azuay\/wp-json\/wp\/v2\/comments?post=330"}],"version-history":[{"count":16,"href":"https:\/\/gadparroquialsanjuan.gob.ec\/azuay\/wp-json\/wp\/v2\/pages\/330\/revisions"}],"predecessor-version":[{"id":571,"href":"https:\/\/gadparroquialsanjuan.gob.ec\/azuay\/wp-json\/wp\/v2\/pages\/330\/revisions\/571"}],"wp:attachment":[{"href":"https:\/\/gadparroquialsanjuan.gob.ec\/azuay\/wp-json\/wp\/v2\/media?parent=330"}],"curies":[{"name":"wp","href":"https:\/\/api.w.org\/{rel}","templated":true}]}}