{"id":326,"date":"2016-02-17T11:05:27","date_gmt":"2016-02-17T15:05:27","guid":{"rendered":"http:\/\/gadparroquialsanjuan.gob.ec\/azuay\/?page_id=326"},"modified":"2016-03-31T15:50:09","modified_gmt":"2016-03-31T19:50:09","slug":"rendicion-de-cuentas-2015","status":"publish","type":"page","link":"https:\/\/gadparroquialsanjuan.gob.ec\/azuay\/rendicion-de-cuentas-2015\/","title":{"rendered":"Rendici\u00f3n de Cuentas 2015"},"content":{"rendered":"<p style=\"text-align: center;\"><span style=\"color: #0000ff;\"><strong><span style=\"text-decoration: underline;\"><span style=\"text-decoration: underline;\">META POA<\/span><\/span><\/strong><\/span><\/p>\n<p><strong><span style=\"color: #000000;\">POA GAD PARROQUIAL SAN JUAN 2015<\/span><\/strong><\/p>\n<p><a href=\"http:\/\/gadparroquialsanjuan.gob.ec\/azuay\/wp-content\/uploads\/2016\/02\/POA_2015.pdf\">POA_2015<\/a><\/p>\n<p><strong><span style=\"color: #000000;\">ATENCION INTEGRAL PARA EL BIENESTAR DEL ADULTO MAYOR, PERSONAS CON CAPACIDADES ESPECIALES DE LA PARROQUIA Y SECTOR VULNERABLE<\/span><\/strong><\/p>\n<p><a href=\"http:\/\/gadparroquialsanjuan.gob.ec\/azuay\/wp-content\/uploads\/2016\/02\/PROYECTO_SECTOR_VULNERABLE_PARROQUIA_SAN_JUAN.pdf\">PROYECTO_SECTOR_VULNERABLE_PARROQUIA_SAN_JUAN<\/a><\/p>\n<p><span style=\"color: #000000;\"><strong>DESARROLLO INFANTIL INTEGRAL PARA NI\u00d1OS, NI\u00d1AS, ADOLESCENTES 10-17<\/strong><\/span><\/p>\n<p><a href=\"http:\/\/gadparroquialsanjuan.gob.ec\/azuay\/wp-content\/uploads\/2016\/02\/APOYO_JOVENES_PARROQUIA.pdf\">APOYO_JOVENES_PARROQUIA<\/a><\/p>\n<p><strong><span style=\"color: #000000;\">DESARROLLO INFANTIL INTENGRAL PARA ATENCION A NI\u00d1OS NI\u00d1AS ADOLESCENTES MENORES DE 3<\/span><\/strong><\/p>\n<p><a href=\"http:\/\/gadparroquialsanjuan.gob.ec\/azuay\/wp-content\/uploads\/2016\/02\/APOYO_NI\u00d1OS_PARROQUIA.pdf\">APOYO_NI\u00d1OS_PARROQUIA<\/a><\/p>\n<p><span style=\"color: #000000;\"><strong>FORMACION Y EXHIBICION CULTURAL<\/strong><\/span><\/p>\n<p><a href=\"http:\/\/gadparroquialsanjuan.gob.ec\/azuay\/wp-content\/uploads\/2016\/02\/FESTIVIDAES_PARROQUIA.pdf\">FESTIVIDAES_PARROQUIA<\/a><\/p>\n<p><span style=\"color: #000000;\"><strong>RECICLAJE Y RECOLECCION DE RESIDUOS SOLIDOS<\/strong><\/span><\/p>\n<p><a href=\"http:\/\/gadparroquialsanjuan.gob.ec\/azuay\/wp-content\/uploads\/2016\/02\/PROYECTO_DESECHOS_SOLIDOS.pdf\">PROYECTO_DESECHOS_SOLIDOS<\/a><\/p>\n<p><span style=\"color: #000000;\"><strong>ZONA\u00a0 PROTEGIDA CONSORCIO DEL AGUARONGO<\/strong><\/span><\/p>\n<p><a href=\"http:\/\/gadparroquialsanjuan.gob.ec\/azuay\/wp-content\/uploads\/2016\/02\/httpspublico.bce_.fin_.ecbce_publicoautorizaTransferencia_AFECTADA_CONSORCIO_AGUARONGO.pdf\">httpspublico.bce.fin.ecbce_publicoautorizaTransferencia_AFECTADA_CONSORCIO_AGUARONGO<\/a> <a href=\"http:\/\/gadparroquialsanjuan.gob.ec\/azuay\/wp-content\/uploads\/2016\/02\/https_publico.bce_.fin_.ec_bce_publico_crearPrestamoInterbancario.do_CONSORCICO-AGUARONGO.pdf\">https_publico.bce.fin.ec_bce_publico_crearPrestamoInterbancario.do_CONSORCICO AGUARONGO<\/a><\/p>\n<p><span style=\"color: #000000;\"><strong>FORESTACION Y REFORESTACION CON FINES DE RESTAURACION Y PROTECCION DE FUENTES HIDRICAS<\/strong><\/span><\/p>\n<p><a href=\"http:\/\/gadparroquialsanjuan.gob.ec\/azuay\/wp-content\/uploads\/2016\/02\/Convenio-SENAGUA-II.pdf\">Convenio SENAGUA II<\/a><\/p>\n<p><a href=\"http:\/\/gadparroquialsanjuan.gob.ec\/azuay\/wp-content\/uploads\/2016\/02\/CONVENIO_MAE.pdf\">CONVENIO_MAE<\/a><\/p>\n<p><span style=\"color: #000000;\"><strong>VIALIDAD DE LA PARROQUIA &#8211; TASA SOLIDARIA<\/strong><\/span><\/p>\n<p><a href=\"http:\/\/gadparroquialsanjuan.gob.ec\/azuay\/wp-content\/uploads\/2016\/02\/VIALIDAD_TASA_SOLIDARIA.pdf\">VIALIDAD_TASA_SOLIDARIA<\/a><\/p>\n<p><a href=\"http:\/\/gadparroquialsanjuan.gob.ec\/azuay\/wp-content\/uploads\/2016\/02\/CONTRATO_TASA_SOLIDARIA.pdf\">CONTRATO_TASA_SOLIDARIA<\/a><\/p>\n<p><span style=\"color: #000000;\"><strong>DESARROLLO PRODUCTIVO, SUMINISTROS AGROPECUARIOS<\/strong><\/span><\/p>\n<p><a href=\"http:\/\/gadparroquialsanjuan.gob.ec\/azuay\/wp-content\/uploads\/2016\/02\/APOYO_PRODUCTIVO.pdf\">APOYO_PRODUCTIVO<\/a><\/p>\n<p><a href=\"http:\/\/gadparroquialsanjuan.gob.ec\/azuay\/wp-content\/uploads\/2016\/02\/Convenio-MAGAP.pdf\">Convenio MAGAP<\/a><\/p>\n<p><a href=\"http:\/\/gadparroquialsanjuan.gob.ec\/azuay\/wp-content\/uploads\/2016\/02\/CONVENIO_AGROAZUAY_2015.pdf\">C<\/a><a href=\"http:\/\/gadparroquialsanjuan.gob.ec\/azuay\/wp-content\/uploads\/2016\/02\/CONVENIO_AGROAZUAY_2015.pdf\">ONVENIO_AGROAZUAY_2015<\/a><\/p>\n<p><span style=\"color: #000000;\"><strong>AQUISICION DE BIENES PARA EL GAD PARROQUIAL<\/strong><\/span><\/p>\n<p><a href=\"http:\/\/gadparroquialsanjuan.gob.ec\/azuay\/wp-content\/uploads\/2016\/02\/BIENES_GAD_SAN_JUAN.pdf\">BIENES_GAD_SAN_JUAN<\/a><\/p>\n<p><span style=\"color: #000000;\"><strong>RECUPERACION DE IVA<\/strong><\/span><\/p>\n<p><a href=\"http:\/\/gadparroquialsanjuan.gob.ec\/azuay\/wp-content\/uploads\/2016\/02\/SOBRE-RECUPERACI\u00d3N-DEL-IVA.pdf\">SOBRE RECUPERACI\u00d3N DEL IVA<\/a><\/p>\n<p><span style=\"color: #000000;\"><strong>CONSTRUCCION DE LA CASA SALUSTINO PACHECO<\/strong><\/span><\/p>\n<p><span style=\"color: #3366ff;\"><a style=\"color: #3366ff;\" href=\"http:\/\/gadparroquialsanjuan.gob.ec\/azuay\/wp-content\/uploads\/2016\/02\/CONTRUCCION_SALUSTINO_CASA_EVENTOS.pdf\">CONTRUCCION_SALUSTINO_CASA_EVENTOS<\/a><\/span><\/p>\n<p><strong><span style=\"color: #000000;\">GASTO CORRIENTE PLANIFICADO<\/span><\/strong><\/p>\n<p><strong>Presupuesto Anual<br \/>\n<\/strong> Informaci\u00f3n total sobre el presupuesto anual que administra la instituci\u00f3n, especificando ingresos, gastos, financiamiento y resultados operativos de conformidad con los clasificadores presupuestales, as\u00ed como liquidaci\u00f3n del presupuesto, especificando destinatarios de la entrega de recursos p\u00fablicos.<\/p>\n<p><a href=\"http:\/\/gadparroquialsanjuan.gob.ec\/azuay\/wp-content\/uploads\/2016\/02\/CEDULA-PRESUPUESTARIA-DE-GASTOS.pdf\">CEDULA PRESUPUESTARIA DE GASTOS<\/a><\/p>\n<p><a href=\"http:\/\/gadparroquialsanjuan.gob.ec\/azuay\/wp-content\/uploads\/2016\/02\/CEDULA-PRESUPUESTARIA-DE-INGRESOS.pdf\">CEDULA PRESUPUESTARIA DE INGRESOS<\/a><\/p>\n<p><strong><span style=\"color: #000000;\">FORTALECIMIENTO DE LA ADMINISTRACION PUBLICA<\/span><\/strong><\/p>\n<p><a href=\"http:\/\/gadparroquialsanjuan.gob.ec\/azuay\/wp-content\/uploads\/2016\/02\/FORTALECIMIENTO_ADMINISTRACION_PUBLICA.pdf\">FORTALECIMIENTO_ADMINISTRACION_PUBLICA<\/a><\/p>\n<p><strong><span style=\"color: #000000;\">MINGAS COMUNITARIAS<\/span><\/strong><\/p>\n<p><a href=\"http:\/\/gadparroquialsanjuan.gob.ec\/azuay\/wp-content\/uploads\/2016\/02\/CONTRATACIO_MAQUINARIA.pdf\">CONTRATACIO_MAQUINARIA<\/a><\/p>\n<p><span style=\"color: #008000;\">SISTEMA DE PARTICIPACI\u00d3N CIUDADANA Art. 304<\/span><\/p>\n<p><span style=\"color: #ff0000;\"><a style=\"color: #ff0000;\" href=\"http:\/\/gadparroquialsanjuan.gob.ec\/azuay\/wp-content\/uploads\/2016\/02\/PRIORIZACION_OBRAS_2016.pdf\">PRIORIZACION_OBRAS_2016<\/a><\/span><\/p>\n<p><span style=\"color: #008000;\">MECANISMOS DE\u00a0 PARTICIPACI\u00d3N CIUDADANA<\/span><\/p>\n<p><span style=\"color: #ff0000;\"><a style=\"color: #ff0000;\" href=\"http:\/\/gadparroquialsanjuan.gob.ec\/azuay\/wp-content\/uploads\/2016\/02\/CONTROSL_ASITENCIA_POA2016.pdf\">CONTROSL_ASITENCIA_POA2016<\/a><\/span><\/p>\n<p><span style=\"color: #ff0000;\"><a style=\"color: #ff0000;\" href=\"http:\/\/gadparroquialsanjuan.gob.ec\/azuay\/wp-content\/uploads\/2016\/02\/REGISTRO_APROBACION_POA_20161.pdf\">REGISTRO_APROBACION_POA_2016<\/a><\/span><\/p>\n<p><span style=\"color: #008000;\">RENDICION DE CUENTAS<\/span><\/p>\n<p><span style=\"color: #ff0000;\"><a style=\"color: #ff0000;\" href=\"http:\/\/gadparroquialsanjuan.gob.ec\/azuay\/wp-content\/uploads\/2016\/02\/ACTA_CONFORMACION_TECNICA_RENDICION_CUENTAS.pdf\">ACTA_CONFORMACION_TECNICA_RENDICION_CUENTAS<\/a> <\/span><\/p>\n<p><span style=\"color: #ff0000;\"><a style=\"color: #ff0000;\" href=\"http:\/\/gadparroquialsanjuan.gob.ec\/azuay\/wp-content\/uploads\/2016\/02\/ACTA_APROBACION_RENDICION_CUENTAS.pdf\">ACTA_APROBACION_RENDICION_CUENTAS<\/a><\/span><\/p>\n<p><span style=\"color: #ff0000;\"><a style=\"color: #ff0000;\" href=\"http:\/\/gadparroquialsanjuan.gob.ec\/azuay\/wp-content\/uploads\/2016\/02\/RENDICION_CUENTAS_2015.pdf\">RENDICION_CUENTAS_2015<\/a><\/span><\/p>\n<p><span style=\"color: #ff0000;\"><a style=\"color: #ff0000;\" href=\"http:\/\/gadparroquialsanjuan.gob.ec\/azuay\/wp-content\/uploads\/2016\/02\/OFICIOS_INVITANDO_RENDICION_CUENTAS_2015.pdf\">OFICIOS_INVITANDO_RENDICION_CUENTAS_2015<\/a><\/span><\/p>\n<p><span style=\"color: #ff0000;\"><a style=\"color: #ff0000;\" href=\"http:\/\/gadparroquialsanjuan.gob.ec\/azuay\/wp-content\/uploads\/2016\/02\/LUGAR_EVENTO_RENDICION_CUENTAS_2015.pdf\">LUGAR_EVENTO_RENDICION_CUENTAS_2015<\/a><\/span><\/p>\n<p><span style=\"color: #ff0000;\"><a style=\"color: #ff0000;\" href=\"http:\/\/gadparroquialsanjuan.gob.ec\/azuay\/wp-content\/uploads\/2016\/02\/REALIZACION_EVENTO_RENDICION_CUENTAS_2015.pdf\">REALIZACION_EVENTO_RENDICION_CUENTAS_2015<\/a><\/span><\/p>\n<p><span style=\"color: #ff0000;\"><a style=\"color: #ff0000;\" href=\"http:\/\/gadparroquialsanjuan.gob.ec\/azuay\/wp-content\/uploads\/2016\/02\/REGISTRO_ASISTENCIA_RENDICION_CUENTAS_2015.pdf\">REGISTRO_ASISTENCIA_RENDICION_CUENTAS_2015<\/a><\/span><\/p>\n<p><span style=\"color: #ff0000;\"><a style=\"color: #ff0000;\" href=\"http:\/\/gadparroquialsanjuan.gob.ec\/azuay\/wp-content\/uploads\/2016\/02\/INCORPORACION_APORTE_CIUDADANO.pdf\">INCORPORACION_APORTE_CIUDADANO<\/a><\/span><\/p>\n<p><span style=\"color: #008000;\">PARTICIPACION CIUDADANA<\/span><\/p>\n<p><span style=\"color: #ff0000;\"><a style=\"color: #ff0000;\" href=\"http:\/\/gadparroquialsanjuan.gob.ec\/azuay\/wp-content\/uploads\/2016\/02\/SOCIABILIZACION_POA_2016.pdf\">SOCIABILIZACION_POA_2016<\/a><\/span><\/p>\n<p><span style=\"color: #008000;\">NIVEL DE CUMPLIMIENTO DE LOS COMPROMISOS ASUMIDOS EN LA RENDICI\u00d3N DE CUENTAS DEL A\u00d1O ANTERIOR<\/span><\/p>\n<p><span style=\"color: #008000;\">CONVENIO DE COOPERACION INTERINSTITUCIONAL, ENTRE EL GOBIERNO PROVINVIAL DEL AZUAY Y EL GAD PARRROQUIAL SAN JUAN; CONVENIO CON AGRO-AZUAY; CONVENIO CON CUERPO DE BOMBEROS GUALACEO; CONVENIO CON SENAGUA II; CONVENIO CON MAGAP; CONVENIO CON ASOCIANCIAN LA RESURRECION; CONVENIO CON EL MAE.<\/span><\/p>\n<p><span style=\"color: #ff0000;\"><a style=\"color: #ff0000;\" href=\"http:\/\/gadparroquialsanjuan.gob.ec\/azuay\/wp-content\/uploads\/2016\/02\/CONVENIO_AGROAZUAY_2015.pdf\">CONVENIO_AGROAZUAY_2015<\/a><\/span><\/p>\n<p><span style=\"color: #ff0000;\"><a style=\"color: #ff0000;\" href=\"http:\/\/gadparroquialsanjuan.gob.ec\/azuay\/wp-content\/uploads\/2016\/02\/CONVENIO_BOMBEROS_2015.pdf\">CONVENIO_BOMBEROS_2015<\/a><\/span><\/p>\n<p><span style=\"color: #ff0000;\"><a style=\"color: #ff0000;\" href=\"http:\/\/gadparroquialsanjuan.gob.ec\/azuay\/wp-content\/uploads\/2016\/02\/Convenio-SENAGUA-II.pdf\">Convenio SENAGUA II<\/a><\/span><\/p>\n<p><span style=\"color: #ff0000;\"><a style=\"color: #ff0000;\" href=\"http:\/\/gadparroquialsanjuan.gob.ec\/azuay\/wp-content\/uploads\/2016\/02\/Convenio-MAGAP.pdf\">Convenio MAGAP<\/a><\/span><\/p>\n<p><span style=\"color: #ff0000;\"><a style=\"color: #ff0000;\" href=\"http:\/\/gadparroquialsanjuan.gob.ec\/azuay\/wp-content\/uploads\/2016\/02\/CONVENIO_ASOCIACION_PLANTULAS.pdf\">CONVENIO_ASOCIACION_PLANTULAS<\/a><\/span><\/p>\n<p><span style=\"color: #ff0000;\"><a style=\"color: #ff0000;\" href=\"http:\/\/gadparroquialsanjuan.gob.ec\/azuay\/wp-content\/uploads\/2016\/02\/CONVENIO_MAE.pdf\">CONVENIO_MAE<\/a><\/span><\/p>\n<p><span style=\"color: #008000;\">MINGAS O TRABAJOS COMUNITARIOS<\/span><\/p>\n<p><span style=\"color: #ff0000;\"><a style=\"color: #ff0000;\" href=\"http:\/\/gadparroquialsanjuan.gob.ec\/azuay\/wp-content\/uploads\/2016\/02\/APOYO_MATERIALAES_COMUNIDAES.pdf\">APOYO_MATERIALAES_COMUNIDAES<\/a><\/span><\/p>\n<p><span style=\"color: #008000;\">INFRAESTRUCTURA<\/span><\/p>\n<p><span style=\"color: #ff0000;\"><a style=\"color: #ff0000;\" href=\"http:\/\/gadparroquialsanjuan.gob.ec\/azuay\/wp-content\/uploads\/2016\/02\/CONTRUCCION_SALUSTINO_CASA_EVENTOS.pdf\">CONTRUCCION_SALUSTINO_CASA_EVENTOS<\/a><\/span><\/p>\n<p><span style=\"color: #008000;\">DIFUSION Y COMUNICACI\u00d3N DE LA GESTI\u00d3N INSTITUCIONAL<\/span><\/p>\n<p><span style=\"color: #008000;\">MEDIOS DE COMUNICACION<\/span><\/p>\n<p><span style=\"color: #ff0000;\"><a style=\"color: #ff0000;\" href=\"http:\/\/gadparroquialsanjuan.gob.ec\/azuay\/wp-content\/uploads\/2016\/02\/PRENSA-ESCRITA.pdf\">PRENSA <\/a><a style=\"color: #ff0000;\" href=\"http:\/\/gadparroquialsanjuan.gob.ec\/azuay\/wp-content\/uploads\/2016\/02\/PRENSA-ESCRITA.pdf\">ESCRITA<\/a><\/span><\/p>\n<p><span style=\"color: #ff0000;\"><a style=\"color: #ff0000;\" href=\"http:\/\/gadparroquialsanjuan.gob.ec\/azuay\/wp-content\/uploads\/2016\/02\/RADIO.pdf\">RADIO<\/a><\/span><\/p>\n<p><span style=\"color: #ff0000;\"><a style=\"color: #ff0000;\" href=\"http:\/\/gadparroquialsanjuan.gob.ec\/azuay\/wp-content\/uploads\/2016\/02\/TELEVISION.pdf\">TELEVISION<\/a><\/span><\/p>\n<p><span style=\"color: #008000;\">PROYECTOS SOCIALES<\/span><\/p>\n<p><span style=\"color: #ff0000;\"><a style=\"color: #ff0000;\" href=\"http:\/\/gadparroquialsanjuan.gob.ec\/azuay\/wp-content\/uploads\/2016\/02\/PROYECTO_SECTOR_VULNERABLE_PARROQUIA_SAN_JUAN.pdf\">PROYECTO_SECTOR_VULNERABLE_PARROQUIA_SAN_JUAN<\/a><\/span><\/p>\n<p>&nbsp;<\/p>\n","protected":false},"excerpt":{"rendered":"<p>META POA POA GAD PARROQUIAL SAN JUAN 2015 POA_2015 ATENCION INTEGRAL PARA EL BIENESTAR DEL ADULTO MAYOR, PERSONAS CON CAPACIDADES ESPECIALES DE LA PARROQUIA Y SECTOR VULNERABLE PROYECTO_SECTOR_VULNERABLE_PARROQUIA_SAN_JUAN DESARROLLO INFANTIL INTEGRAL PARA NI\u00d1OS, NI\u00d1AS, ADOLESCENTES 10-17 APOYO_JOVENES_PARROQUIA DESARROLLO INFANTIL INTENGRAL PARA ATENCION A NI\u00d1OS NI\u00d1AS ADOLESCENTES MENORES DE 3 APOYO_NI\u00d1OS_PARROQUIA FORMACION Y EXHIBICION CULTURAL FESTIVIDAES_PARROQUIA [&hellip;]<\/p>\n","protected":false},"author":4,"featured_media":0,"parent":0,"menu_order":0,"comment_status":"closed","ping_status":"closed","template":"","meta":{"_joinchat":[],"footnotes":""},"class_list":["post-326","page","type-page","status-publish","hentry"],"yoast_head":"<!-- This site is optimized with the Yoast SEO plugin v24.1 - https:\/\/yoast.com\/wordpress\/plugins\/seo\/ -->\n<title>Rendici\u00f3n de Cuentas 2015 - GAD Parroquial de San Juan<\/title>\n<meta name=\"robots\" content=\"index, follow, max-snippet:-1, max-image-preview:large, max-video-preview:-1\" \/>\n<link rel=\"canonical\" href=\"https:\/\/gadparroquialsanjuan.gob.ec\/azuay\/rendicion-de-cuentas-2015\/\" \/>\n<meta property=\"og:locale\" content=\"es_ES\" \/>\n<meta property=\"og:type\" content=\"article\" \/>\n<meta property=\"og:title\" content=\"Rendici\u00f3n de Cuentas 2015 - GAD Parroquial de San Juan\" \/>\n<meta property=\"og:description\" content=\"META POA POA GAD PARROQUIAL SAN JUAN 2015 POA_2015 ATENCION INTEGRAL PARA EL BIENESTAR DEL ADULTO MAYOR, PERSONAS CON CAPACIDADES ESPECIALES DE LA PARROQUIA Y SECTOR VULNERABLE PROYECTO_SECTOR_VULNERABLE_PARROQUIA_SAN_JUAN DESARROLLO INFANTIL INTEGRAL PARA NI\u00d1OS, NI\u00d1AS, ADOLESCENTES 10-17 APOYO_JOVENES_PARROQUIA DESARROLLO INFANTIL INTENGRAL PARA ATENCION A NI\u00d1OS NI\u00d1AS ADOLESCENTES MENORES DE 3 APOYO_NI\u00d1OS_PARROQUIA FORMACION Y EXHIBICION CULTURAL FESTIVIDAES_PARROQUIA [&hellip;]\" \/>\n<meta property=\"og:url\" content=\"https:\/\/gadparroquialsanjuan.gob.ec\/azuay\/rendicion-de-cuentas-2015\/\" \/>\n<meta property=\"og:site_name\" content=\"GAD Parroquial de San Juan\" \/>\n<meta property=\"article:modified_time\" content=\"2016-03-31T19:50:09+00:00\" \/>\n<meta name=\"twitter:card\" content=\"summary_large_image\" \/>\n<meta name=\"twitter:label1\" content=\"Tiempo de lectura\" \/>\n\t<meta name=\"twitter:data1\" content=\"2 minutos\" \/>\n<script type=\"application\/ld+json\" class=\"yoast-schema-graph\">{\"@context\":\"https:\/\/schema.org\",\"@graph\":[{\"@type\":\"WebPage\",\"@id\":\"https:\/\/gadparroquialsanjuan.gob.ec\/azuay\/rendicion-de-cuentas-2015\/\",\"url\":\"https:\/\/gadparroquialsanjuan.gob.ec\/azuay\/rendicion-de-cuentas-2015\/\",\"name\":\"Rendici\u00f3n de Cuentas 2015 - GAD Parroquial de San Juan\",\"isPartOf\":{\"@id\":\"https:\/\/gadparroquialsanjuan.gob.ec\/azuay\/#website\"},\"datePublished\":\"2016-02-17T15:05:27+00:00\",\"dateModified\":\"2016-03-31T19:50:09+00:00\",\"breadcrumb\":{\"@id\":\"https:\/\/gadparroquialsanjuan.gob.ec\/azuay\/rendicion-de-cuentas-2015\/#breadcrumb\"},\"inLanguage\":\"es\",\"potentialAction\":[{\"@type\":\"ReadAction\",\"target\":[\"https:\/\/gadparroquialsanjuan.gob.ec\/azuay\/rendicion-de-cuentas-2015\/\"]}]},{\"@type\":\"BreadcrumbList\",\"@id\":\"https:\/\/gadparroquialsanjuan.gob.ec\/azuay\/rendicion-de-cuentas-2015\/#breadcrumb\",\"itemListElement\":[{\"@type\":\"ListItem\",\"position\":1,\"name\":\"Home\",\"item\":\"https:\/\/gadparroquialsanjuan.gob.ec\/azuay\/\"},{\"@type\":\"ListItem\",\"position\":2,\"name\":\"Rendici\u00f3n de Cuentas 2015\"}]},{\"@type\":\"WebSite\",\"@id\":\"https:\/\/gadparroquialsanjuan.gob.ec\/azuay\/#website\",\"url\":\"https:\/\/gadparroquialsanjuan.gob.ec\/azuay\/\",\"name\":\"GAD Parroquial de San Juan\",\"description\":\"Sitio Oficial del GAD Parroquial San Juan Azuay\",\"publisher\":{\"@id\":\"https:\/\/gadparroquialsanjuan.gob.ec\/azuay\/#organization\"},\"potentialAction\":[{\"@type\":\"SearchAction\",\"target\":{\"@type\":\"EntryPoint\",\"urlTemplate\":\"https:\/\/gadparroquialsanjuan.gob.ec\/azuay\/?s={search_term_string}\"},\"query-input\":{\"@type\":\"PropertyValueSpecification\",\"valueRequired\":true,\"valueName\":\"search_term_string\"}}],\"inLanguage\":\"es\"},{\"@type\":\"Organization\",\"@id\":\"https:\/\/gadparroquialsanjuan.gob.ec\/azuay\/#organization\",\"name\":\"GAD parroquial de San Juan del Cid\",\"url\":\"https:\/\/gadparroquialsanjuan.gob.ec\/azuay\/\",\"logo\":{\"@type\":\"ImageObject\",\"inLanguage\":\"es\",\"@id\":\"https:\/\/gadparroquialsanjuan.gob.ec\/azuay\/#\/schema\/logo\/image\/\",\"url\":\"https:\/\/gadparroquialsanjuan.gob.ec\/azuay\/wp-content\/uploads\/2020\/06\/logoFooter.png\",\"contentUrl\":\"https:\/\/gadparroquialsanjuan.gob.ec\/azuay\/wp-content\/uploads\/2020\/06\/logoFooter.png\",\"width\":200,\"height\":150,\"caption\":\"GAD parroquial de San Juan del Cid\"},\"image\":{\"@id\":\"https:\/\/gadparroquialsanjuan.gob.ec\/azuay\/#\/schema\/logo\/image\/\"}}]}<\/script>\n<!-- \/ Yoast SEO plugin. -->","yoast_head_json":{"title":"Rendici\u00f3n de Cuentas 2015 - GAD Parroquial de San Juan","robots":{"index":"index","follow":"follow","max-snippet":"max-snippet:-1","max-image-preview":"max-image-preview:large","max-video-preview":"max-video-preview:-1"},"canonical":"https:\/\/gadparroquialsanjuan.gob.ec\/azuay\/rendicion-de-cuentas-2015\/","og_locale":"es_ES","og_type":"article","og_title":"Rendici\u00f3n de Cuentas 2015 - GAD Parroquial de San Juan","og_description":"META POA POA GAD PARROQUIAL SAN JUAN 2015 POA_2015 ATENCION INTEGRAL PARA EL BIENESTAR DEL ADULTO MAYOR, PERSONAS CON CAPACIDADES ESPECIALES DE LA PARROQUIA Y SECTOR VULNERABLE PROYECTO_SECTOR_VULNERABLE_PARROQUIA_SAN_JUAN DESARROLLO INFANTIL INTEGRAL PARA NI\u00d1OS, NI\u00d1AS, ADOLESCENTES 10-17 APOYO_JOVENES_PARROQUIA DESARROLLO INFANTIL INTENGRAL PARA ATENCION A NI\u00d1OS NI\u00d1AS ADOLESCENTES MENORES DE 3 APOYO_NI\u00d1OS_PARROQUIA FORMACION Y EXHIBICION CULTURAL FESTIVIDAES_PARROQUIA [&hellip;]","og_url":"https:\/\/gadparroquialsanjuan.gob.ec\/azuay\/rendicion-de-cuentas-2015\/","og_site_name":"GAD Parroquial de San Juan","article_modified_time":"2016-03-31T19:50:09+00:00","twitter_card":"summary_large_image","twitter_misc":{"Tiempo de lectura":"2 minutos"},"schema":{"@context":"https:\/\/schema.org","@graph":[{"@type":"WebPage","@id":"https:\/\/gadparroquialsanjuan.gob.ec\/azuay\/rendicion-de-cuentas-2015\/","url":"https:\/\/gadparroquialsanjuan.gob.ec\/azuay\/rendicion-de-cuentas-2015\/","name":"Rendici\u00f3n de Cuentas 2015 - GAD Parroquial de San Juan","isPartOf":{"@id":"https:\/\/gadparroquialsanjuan.gob.ec\/azuay\/#website"},"datePublished":"2016-02-17T15:05:27+00:00","dateModified":"2016-03-31T19:50:09+00:00","breadcrumb":{"@id":"https:\/\/gadparroquialsanjuan.gob.ec\/azuay\/rendicion-de-cuentas-2015\/#breadcrumb"},"inLanguage":"es","potentialAction":[{"@type":"ReadAction","target":["https:\/\/gadparroquialsanjuan.gob.ec\/azuay\/rendicion-de-cuentas-2015\/"]}]},{"@type":"BreadcrumbList","@id":"https:\/\/gadparroquialsanjuan.gob.ec\/azuay\/rendicion-de-cuentas-2015\/#breadcrumb","itemListElement":[{"@type":"ListItem","position":1,"name":"Home","item":"https:\/\/gadparroquialsanjuan.gob.ec\/azuay\/"},{"@type":"ListItem","position":2,"name":"Rendici\u00f3n de Cuentas 2015"}]},{"@type":"WebSite","@id":"https:\/\/gadparroquialsanjuan.gob.ec\/azuay\/#website","url":"https:\/\/gadparroquialsanjuan.gob.ec\/azuay\/","name":"GAD Parroquial de San Juan","description":"Sitio Oficial del GAD Parroquial San Juan Azuay","publisher":{"@id":"https:\/\/gadparroquialsanjuan.gob.ec\/azuay\/#organization"},"potentialAction":[{"@type":"SearchAction","target":{"@type":"EntryPoint","urlTemplate":"https:\/\/gadparroquialsanjuan.gob.ec\/azuay\/?s={search_term_string}"},"query-input":{"@type":"PropertyValueSpecification","valueRequired":true,"valueName":"search_term_string"}}],"inLanguage":"es"},{"@type":"Organization","@id":"https:\/\/gadparroquialsanjuan.gob.ec\/azuay\/#organization","name":"GAD parroquial de San Juan del Cid","url":"https:\/\/gadparroquialsanjuan.gob.ec\/azuay\/","logo":{"@type":"ImageObject","inLanguage":"es","@id":"https:\/\/gadparroquialsanjuan.gob.ec\/azuay\/#\/schema\/logo\/image\/","url":"https:\/\/gadparroquialsanjuan.gob.ec\/azuay\/wp-content\/uploads\/2020\/06\/logoFooter.png","contentUrl":"https:\/\/gadparroquialsanjuan.gob.ec\/azuay\/wp-content\/uploads\/2020\/06\/logoFooter.png","width":200,"height":150,"caption":"GAD parroquial de San Juan del Cid"},"image":{"@id":"https:\/\/gadparroquialsanjuan.gob.ec\/azuay\/#\/schema\/logo\/image\/"}}]}},"_links":{"self":[{"href":"https:\/\/gadparroquialsanjuan.gob.ec\/azuay\/wp-json\/wp\/v2\/pages\/326","targetHints":{"allow":["GET"]}}],"collection":[{"href":"https:\/\/gadparroquialsanjuan.gob.ec\/azuay\/wp-json\/wp\/v2\/pages"}],"about":[{"href":"https:\/\/gadparroquialsanjuan.gob.ec\/azuay\/wp-json\/wp\/v2\/types\/page"}],"author":[{"embeddable":true,"href":"https:\/\/gadparroquialsanjuan.gob.ec\/azuay\/wp-json\/wp\/v2\/users\/4"}],"replies":[{"embeddable":true,"href":"https:\/\/gadparroquialsanjuan.gob.ec\/azuay\/wp-json\/wp\/v2\/comments?post=326"}],"version-history":[{"count":22,"href":"https:\/\/gadparroquialsanjuan.gob.ec\/azuay\/wp-json\/wp\/v2\/pages\/326\/revisions"}],"predecessor-version":[{"id":450,"href":"https:\/\/gadparroquialsanjuan.gob.ec\/azuay\/wp-json\/wp\/v2\/pages\/326\/revisions\/450"}],"wp:attachment":[{"href":"https:\/\/gadparroquialsanjuan.gob.ec\/azuay\/wp-json\/wp\/v2\/media?parent=326"}],"curies":[{"name":"wp","href":"https:\/\/api.w.org\/{rel}","templated":true}]}}