{"id":1047,"date":"2022-03-09T10:10:50","date_gmt":"2022-03-09T14:10:50","guid":{"rendered":"https:\/\/gadparroquialsanjuan.gob.ec\/azuay\/?page_id=1047"},"modified":"2022-04-04T23:55:03","modified_gmt":"2022-04-05T03:55:03","slug":"mi-parroquia","status":"publish","type":"page","link":"https:\/\/gadparroquialsanjuan.gob.ec\/azuay\/mi-parroquia\/","title":{"rendered":"Mi Parroquia"},"content":{"rendered":"<p style=\"text-align: center;\"><strong>UN D\u00cdA MIENTRAS CAMINABA POR LAS CALLES<\/strong><\/p>\n<p>Me preguntaron de d\u00f3nde eres<\/p>\n<p>A lo que yo respond\u00ed:<\/p>\n<p>-Vengo de un pueblito bien fr\u00edo pero alegre, tal vez lo conozca o quiz\u00e1s no<\/p>\n<p>-\u00bfDe un pueblo?<\/p>\n<p>Pues s\u00ed, de un hermoso pueblito. Pero sabes una cosa estoy orgullosa de mi pueblito<\/p>\n<p>Si se\u00f1ores soy de un pueblo donde las costumbres de nuestros abuelitos prevalecen desde:<\/p>\n<p>Buenos d\u00edas.<\/p>\n<p>\u00bfC\u00f3mo esta?<\/p>\n<p>\u00bfQu\u00e9 tal ha cainado el d\u00eda de hoy?<\/p>\n<p>Tanto tiempo sin vernos<\/p>\n<p>C\u00f3mo est\u00e1n tus papis, ellos crecieron conmigo, fuimos compa\u00f1eros en la escuela.<\/p>\n<p>Soy de un pueblo donde hacen falta muchas cosas para progresar, pero a la vez se tiene todo y son feliz con lo poco que se tiene.<\/p>\n<p>Un pueblo d\u00f3nde los habitantes desde muy de ma\u00f1ana se dedican a orde\u00f1ar a su ganado, a pastorear a sus ovejas, donde se levantan con el sol para ir a cultivar sus campos, con el fin de producir alimentos cien por ciento org\u00e1nicos.<\/p>\n<p>Soy de un pueblo donde las manos femeninas se dedican a la creaci\u00f3n de artesan\u00edas usando como elemento principal la paja toquilla, sus manos h\u00e1biles producen sombreros, cajas, carteras, cestas para alimentos, figuras representativas como la chola, un personaje ic\u00f3nico de mi pueblo.<\/p>\n<p>Soy de un pueblo donde su gente es arraiga a la fe de su patrono, donde las fiestas religiosas las festejan con la quema de castillos mientras bailan al comp\u00e1s de\u00a0 bombos y platillos.<\/p>\n<p>Soy de un pueblo d\u00f3nde poseemos riquezas naturales desde el Cerro Pizhi hasta las Orillas del majestuoso r\u00edo Santa B\u00e1rbara.<\/p>\n<p>Soy de un pueblo cuna de gente trabajadora, amable y bondadosa, donde personas de otros pueblos encontraron en estas tierras una forma feliz de hacer vida y salir adelante.<\/p>\n<p>SOY DE UN PUEBLITO ALEGRE, FR\u00cdO PERO HOSPITALARIO&#8230;..\u00a0 AS\u00cd ES MI PUEBLO<\/p>\n<p>SI SE\u00d1ORES SOY DE SAN JUAN DEL CID, TIERRA DE LEYENDAS COSTUMBRES Y TRADICIONES.<\/p>\n<p><img loading=\"lazy\" decoding=\"async\" class=\"wp-image-1057 aligncenter\" src=\"https:\/\/gadparroquialsanjuan.gob.ec\/azuay\/wp-content\/uploads\/2022\/03\/01-1024x768.jpg\" alt=\"\" width=\"754\" height=\"566\" srcset=\"https:\/\/gadparroquialsanjuan.gob.ec\/azuay\/wp-content\/uploads\/2022\/03\/01-1024x768.jpg 1024w, https:\/\/gadparroquialsanjuan.gob.ec\/azuay\/wp-content\/uploads\/2022\/03\/01-550x413.jpg 550w, https:\/\/gadparroquialsanjuan.gob.ec\/azuay\/wp-content\/uploads\/2022\/03\/01-768x576.jpg 768w, https:\/\/gadparroquialsanjuan.gob.ec\/azuay\/wp-content\/uploads\/2022\/03\/01.jpg 1032w\" sizes=\"auto, (max-width: 754px) 100vw, 754px\" \/><\/p>\n","protected":false},"excerpt":{"rendered":"<p>UN D\u00cdA MIENTRAS CAMINABA POR LAS CALLES Me preguntaron de d\u00f3nde eres A lo que yo respond\u00ed: -Vengo de un pueblito bien fr\u00edo pero alegre, tal vez lo conozca o quiz\u00e1s no -\u00bfDe un pueblo? Pues s\u00ed, de un hermoso pueblito. Pero sabes una cosa estoy orgullosa de mi pueblito Si se\u00f1ores soy de un [&hellip;]<\/p>\n","protected":false},"author":4,"featured_media":0,"parent":0,"menu_order":0,"comment_status":"closed","ping_status":"closed","template":"","meta":{"_joinchat":[],"footnotes":""},"class_list":["post-1047","page","type-page","status-publish","hentry"],"yoast_head":"<!-- This site is optimized with the Yoast SEO plugin v24.1 - https:\/\/yoast.com\/wordpress\/plugins\/seo\/ -->\n<title>Mi Parroquia - GAD Parroquial de San Juan<\/title>\n<meta name=\"robots\" content=\"index, follow, max-snippet:-1, max-image-preview:large, max-video-preview:-1\" \/>\n<link rel=\"canonical\" href=\"https:\/\/gadparroquialsanjuan.gob.ec\/azuay\/mi-parroquia\/\" \/>\n<meta property=\"og:locale\" content=\"es_ES\" \/>\n<meta property=\"og:type\" content=\"article\" \/>\n<meta property=\"og:title\" content=\"Mi Parroquia - GAD Parroquial de San Juan\" \/>\n<meta property=\"og:description\" content=\"UN D\u00cdA MIENTRAS CAMINABA POR LAS CALLES Me preguntaron de d\u00f3nde eres A lo que yo respond\u00ed: -Vengo de un pueblito bien fr\u00edo pero alegre, tal vez lo conozca o quiz\u00e1s no -\u00bfDe un pueblo? Pues s\u00ed, de un hermoso pueblito. Pero sabes una cosa estoy orgullosa de mi pueblito Si se\u00f1ores soy de un [&hellip;]\" \/>\n<meta property=\"og:url\" content=\"https:\/\/gadparroquialsanjuan.gob.ec\/azuay\/mi-parroquia\/\" \/>\n<meta property=\"og:site_name\" content=\"GAD Parroquial de San Juan\" \/>\n<meta property=\"article:modified_time\" content=\"2022-04-05T03:55:03+00:00\" \/>\n<meta property=\"og:image\" content=\"https:\/\/gadparroquialsanjuan.gob.ec\/azuay\/wp-content\/uploads\/2022\/03\/01-1024x768.jpg\" \/>\n<meta name=\"twitter:card\" content=\"summary_large_image\" \/>\n<meta name=\"twitter:label1\" content=\"Tiempo de lectura\" \/>\n\t<meta name=\"twitter:data1\" content=\"2 minutos\" \/>\n<script type=\"application\/ld+json\" class=\"yoast-schema-graph\">{\"@context\":\"https:\/\/schema.org\",\"@graph\":[{\"@type\":\"WebPage\",\"@id\":\"https:\/\/gadparroquialsanjuan.gob.ec\/azuay\/mi-parroquia\/\",\"url\":\"https:\/\/gadparroquialsanjuan.gob.ec\/azuay\/mi-parroquia\/\",\"name\":\"Mi Parroquia - GAD Parroquial de San Juan\",\"isPartOf\":{\"@id\":\"https:\/\/gadparroquialsanjuan.gob.ec\/azuay\/#website\"},\"primaryImageOfPage\":{\"@id\":\"https:\/\/gadparroquialsanjuan.gob.ec\/azuay\/mi-parroquia\/#primaryimage\"},\"image\":{\"@id\":\"https:\/\/gadparroquialsanjuan.gob.ec\/azuay\/mi-parroquia\/#primaryimage\"},\"thumbnailUrl\":\"https:\/\/gadparroquialsanjuan.gob.ec\/azuay\/wp-content\/uploads\/2022\/03\/01-1024x768.jpg\",\"datePublished\":\"2022-03-09T14:10:50+00:00\",\"dateModified\":\"2022-04-05T03:55:03+00:00\",\"breadcrumb\":{\"@id\":\"https:\/\/gadparroquialsanjuan.gob.ec\/azuay\/mi-parroquia\/#breadcrumb\"},\"inLanguage\":\"es\",\"potentialAction\":[{\"@type\":\"ReadAction\",\"target\":[\"https:\/\/gadparroquialsanjuan.gob.ec\/azuay\/mi-parroquia\/\"]}]},{\"@type\":\"ImageObject\",\"inLanguage\":\"es\",\"@id\":\"https:\/\/gadparroquialsanjuan.gob.ec\/azuay\/mi-parroquia\/#primaryimage\",\"url\":\"https:\/\/gadparroquialsanjuan.gob.ec\/azuay\/wp-content\/uploads\/2022\/03\/01.jpg\",\"contentUrl\":\"https:\/\/gadparroquialsanjuan.gob.ec\/azuay\/wp-content\/uploads\/2022\/03\/01.jpg\",\"width\":1032,\"height\":774},{\"@type\":\"BreadcrumbList\",\"@id\":\"https:\/\/gadparroquialsanjuan.gob.ec\/azuay\/mi-parroquia\/#breadcrumb\",\"itemListElement\":[{\"@type\":\"ListItem\",\"position\":1,\"name\":\"Home\",\"item\":\"https:\/\/gadparroquialsanjuan.gob.ec\/azuay\/\"},{\"@type\":\"ListItem\",\"position\":2,\"name\":\"Mi Parroquia\"}]},{\"@type\":\"WebSite\",\"@id\":\"https:\/\/gadparroquialsanjuan.gob.ec\/azuay\/#website\",\"url\":\"https:\/\/gadparroquialsanjuan.gob.ec\/azuay\/\",\"name\":\"GAD Parroquial de San Juan\",\"description\":\"Sitio Oficial del GAD Parroquial San Juan Azuay\",\"publisher\":{\"@id\":\"https:\/\/gadparroquialsanjuan.gob.ec\/azuay\/#organization\"},\"potentialAction\":[{\"@type\":\"SearchAction\",\"target\":{\"@type\":\"EntryPoint\",\"urlTemplate\":\"https:\/\/gadparroquialsanjuan.gob.ec\/azuay\/?s={search_term_string}\"},\"query-input\":{\"@type\":\"PropertyValueSpecification\",\"valueRequired\":true,\"valueName\":\"search_term_string\"}}],\"inLanguage\":\"es\"},{\"@type\":\"Organization\",\"@id\":\"https:\/\/gadparroquialsanjuan.gob.ec\/azuay\/#organization\",\"name\":\"GAD parroquial de San Juan del Cid\",\"url\":\"https:\/\/gadparroquialsanjuan.gob.ec\/azuay\/\",\"logo\":{\"@type\":\"ImageObject\",\"inLanguage\":\"es\",\"@id\":\"https:\/\/gadparroquialsanjuan.gob.ec\/azuay\/#\/schema\/logo\/image\/\",\"url\":\"https:\/\/gadparroquialsanjuan.gob.ec\/azuay\/wp-content\/uploads\/2020\/06\/logoFooter.png\",\"contentUrl\":\"https:\/\/gadparroquialsanjuan.gob.ec\/azuay\/wp-content\/uploads\/2020\/06\/logoFooter.png\",\"width\":200,\"height\":150,\"caption\":\"GAD parroquial de San Juan del Cid\"},\"image\":{\"@id\":\"https:\/\/gadparroquialsanjuan.gob.ec\/azuay\/#\/schema\/logo\/image\/\"}}]}<\/script>\n<!-- \/ Yoast SEO plugin. -->","yoast_head_json":{"title":"Mi Parroquia - GAD Parroquial de San Juan","robots":{"index":"index","follow":"follow","max-snippet":"max-snippet:-1","max-image-preview":"max-image-preview:large","max-video-preview":"max-video-preview:-1"},"canonical":"https:\/\/gadparroquialsanjuan.gob.ec\/azuay\/mi-parroquia\/","og_locale":"es_ES","og_type":"article","og_title":"Mi Parroquia - GAD Parroquial de San Juan","og_description":"UN D\u00cdA MIENTRAS CAMINABA POR LAS CALLES Me preguntaron de d\u00f3nde eres A lo que yo respond\u00ed: -Vengo de un pueblito bien fr\u00edo pero alegre, tal vez lo conozca o quiz\u00e1s no -\u00bfDe un pueblo? Pues s\u00ed, de un hermoso pueblito. Pero sabes una cosa estoy orgullosa de mi pueblito Si se\u00f1ores soy de un [&hellip;]","og_url":"https:\/\/gadparroquialsanjuan.gob.ec\/azuay\/mi-parroquia\/","og_site_name":"GAD Parroquial de San Juan","article_modified_time":"2022-04-05T03:55:03+00:00","og_image":[{"url":"https:\/\/gadparroquialsanjuan.gob.ec\/azuay\/wp-content\/uploads\/2022\/03\/01-1024x768.jpg","type":"","width":"","height":""}],"twitter_card":"summary_large_image","twitter_misc":{"Tiempo de lectura":"2 minutos"},"schema":{"@context":"https:\/\/schema.org","@graph":[{"@type":"WebPage","@id":"https:\/\/gadparroquialsanjuan.gob.ec\/azuay\/mi-parroquia\/","url":"https:\/\/gadparroquialsanjuan.gob.ec\/azuay\/mi-parroquia\/","name":"Mi Parroquia - GAD Parroquial de San Juan","isPartOf":{"@id":"https:\/\/gadparroquialsanjuan.gob.ec\/azuay\/#website"},"primaryImageOfPage":{"@id":"https:\/\/gadparroquialsanjuan.gob.ec\/azuay\/mi-parroquia\/#primaryimage"},"image":{"@id":"https:\/\/gadparroquialsanjuan.gob.ec\/azuay\/mi-parroquia\/#primaryimage"},"thumbnailUrl":"https:\/\/gadparroquialsanjuan.gob.ec\/azuay\/wp-content\/uploads\/2022\/03\/01-1024x768.jpg","datePublished":"2022-03-09T14:10:50+00:00","dateModified":"2022-04-05T03:55:03+00:00","breadcrumb":{"@id":"https:\/\/gadparroquialsanjuan.gob.ec\/azuay\/mi-parroquia\/#breadcrumb"},"inLanguage":"es","potentialAction":[{"@type":"ReadAction","target":["https:\/\/gadparroquialsanjuan.gob.ec\/azuay\/mi-parroquia\/"]}]},{"@type":"ImageObject","inLanguage":"es","@id":"https:\/\/gadparroquialsanjuan.gob.ec\/azuay\/mi-parroquia\/#primaryimage","url":"https:\/\/gadparroquialsanjuan.gob.ec\/azuay\/wp-content\/uploads\/2022\/03\/01.jpg","contentUrl":"https:\/\/gadparroquialsanjuan.gob.ec\/azuay\/wp-content\/uploads\/2022\/03\/01.jpg","width":1032,"height":774},{"@type":"BreadcrumbList","@id":"https:\/\/gadparroquialsanjuan.gob.ec\/azuay\/mi-parroquia\/#breadcrumb","itemListElement":[{"@type":"ListItem","position":1,"name":"Home","item":"https:\/\/gadparroquialsanjuan.gob.ec\/azuay\/"},{"@type":"ListItem","position":2,"name":"Mi Parroquia"}]},{"@type":"WebSite","@id":"https:\/\/gadparroquialsanjuan.gob.ec\/azuay\/#website","url":"https:\/\/gadparroquialsanjuan.gob.ec\/azuay\/","name":"GAD Parroquial de San Juan","description":"Sitio Oficial del GAD Parroquial San Juan Azuay","publisher":{"@id":"https:\/\/gadparroquialsanjuan.gob.ec\/azuay\/#organization"},"potentialAction":[{"@type":"SearchAction","target":{"@type":"EntryPoint","urlTemplate":"https:\/\/gadparroquialsanjuan.gob.ec\/azuay\/?s={search_term_string}"},"query-input":{"@type":"PropertyValueSpecification","valueRequired":true,"valueName":"search_term_string"}}],"inLanguage":"es"},{"@type":"Organization","@id":"https:\/\/gadparroquialsanjuan.gob.ec\/azuay\/#organization","name":"GAD parroquial de San Juan del Cid","url":"https:\/\/gadparroquialsanjuan.gob.ec\/azuay\/","logo":{"@type":"ImageObject","inLanguage":"es","@id":"https:\/\/gadparroquialsanjuan.gob.ec\/azuay\/#\/schema\/logo\/image\/","url":"https:\/\/gadparroquialsanjuan.gob.ec\/azuay\/wp-content\/uploads\/2020\/06\/logoFooter.png","contentUrl":"https:\/\/gadparroquialsanjuan.gob.ec\/azuay\/wp-content\/uploads\/2020\/06\/logoFooter.png","width":200,"height":150,"caption":"GAD parroquial de San Juan del Cid"},"image":{"@id":"https:\/\/gadparroquialsanjuan.gob.ec\/azuay\/#\/schema\/logo\/image\/"}}]}},"_links":{"self":[{"href":"https:\/\/gadparroquialsanjuan.gob.ec\/azuay\/wp-json\/wp\/v2\/pages\/1047","targetHints":{"allow":["GET"]}}],"collection":[{"href":"https:\/\/gadparroquialsanjuan.gob.ec\/azuay\/wp-json\/wp\/v2\/pages"}],"about":[{"href":"https:\/\/gadparroquialsanjuan.gob.ec\/azuay\/wp-json\/wp\/v2\/types\/page"}],"author":[{"embeddable":true,"href":"https:\/\/gadparroquialsanjuan.gob.ec\/azuay\/wp-json\/wp\/v2\/users\/4"}],"replies":[{"embeddable":true,"href":"https:\/\/gadparroquialsanjuan.gob.ec\/azuay\/wp-json\/wp\/v2\/comments?post=1047"}],"version-history":[{"count":4,"href":"https:\/\/gadparroquialsanjuan.gob.ec\/azuay\/wp-json\/wp\/v2\/pages\/1047\/revisions"}],"predecessor-version":[{"id":1328,"href":"https:\/\/gadparroquialsanjuan.gob.ec\/azuay\/wp-json\/wp\/v2\/pages\/1047\/revisions\/1328"}],"wp:attachment":[{"href":"https:\/\/gadparroquialsanjuan.gob.ec\/azuay\/wp-json\/wp\/v2\/media?parent=1047"}],"curies":[{"name":"wp","href":"https:\/\/api.w.org\/{rel}","templated":true}]}}