{"id":1016,"date":"2022-01-10T15:28:51","date_gmt":"2022-01-10T19:28:51","guid":{"rendered":"https:\/\/gadparroquialsanjuan.gob.ec\/azuay\/?page_id=1016"},"modified":"2022-01-10T15:49:02","modified_gmt":"2022-01-10T19:49:02","slug":"calendario-san-juan-del-cid","status":"publish","type":"page","link":"https:\/\/gadparroquialsanjuan.gob.ec\/azuay\/pagina-ejemplo\/calendario-san-juan-del-cid\/","title":{"rendered":"CALENDARIO SAN JUAN DEL CID"},"content":{"rendered":"<p>San Juan del Cid, tierra de gente trabajadora, considerada como la parroquia m\u00e1s antigua a nivel nacional, da la bienvenida a todos sus habitantes, turistas y allegados, as\u00ed como tambi\u00e9n los invita\u00a0 a conocer todas las actividades festivas,\u00a0 religiosas, deportivas, culturales, sociales y m\u00e1s. Eventos que se desarrollan durante este a\u00f1o.<\/p>\n<p>A continuaci\u00f3n se adjunta la planificaci\u00f3n y los eventos que se llevaran a cabo acorde a los meses del a\u00f1o.<\/p>\n<p>&nbsp;<\/p>\n<p><a href=\"https:\/\/gadparroquialsanjuan.gob.ec\/azuay\/wp-content\/uploads\/2022\/01\/CALENDARIO-14.png\"><img loading=\"lazy\" decoding=\"async\" class=\"alignnone size-full wp-image-1017\" src=\"https:\/\/gadparroquialsanjuan.gob.ec\/azuay\/wp-content\/uploads\/2022\/01\/CALENDARIO-14.png\" alt=\"\" width=\"2089\" height=\"1481\" srcset=\"https:\/\/gadparroquialsanjuan.gob.ec\/azuay\/wp-content\/uploads\/2022\/01\/CALENDARIO-14.png 2089w, https:\/\/gadparroquialsanjuan.gob.ec\/azuay\/wp-content\/uploads\/2022\/01\/CALENDARIO-14-550x390.png 550w, https:\/\/gadparroquialsanjuan.gob.ec\/azuay\/wp-content\/uploads\/2022\/01\/CALENDARIO-14-1024x726.png 1024w, https:\/\/gadparroquialsanjuan.gob.ec\/azuay\/wp-content\/uploads\/2022\/01\/CALENDARIO-14-768x544.png 768w, https:\/\/gadparroquialsanjuan.gob.ec\/azuay\/wp-content\/uploads\/2022\/01\/CALENDARIO-14-1536x1089.png 1536w, https:\/\/gadparroquialsanjuan.gob.ec\/azuay\/wp-content\/uploads\/2022\/01\/CALENDARIO-14-2048x1452.png 2048w\" sizes=\"auto, (max-width: 2089px) 100vw, 2089px\" \/><\/a><\/p>\n","protected":false},"excerpt":{"rendered":"<p>San Juan del Cid, tierra de gente trabajadora, considerada como la parroquia m\u00e1s antigua a nivel nacional, da la bienvenida a todos sus habitantes, turistas y allegados, as\u00ed como tambi\u00e9n los invita\u00a0 a conocer todas las actividades festivas,\u00a0 religiosas, deportivas, culturales, sociales y m\u00e1s. Eventos que se desarrollan durante este a\u00f1o. A continuaci\u00f3n se adjunta [&hellip;]<\/p>\n","protected":false},"author":4,"featured_media":0,"parent":2,"menu_order":0,"comment_status":"closed","ping_status":"closed","template":"","meta":{"_joinchat":[],"footnotes":""},"class_list":["post-1016","page","type-page","status-publish","hentry"],"yoast_head":"<!-- This site is optimized with the Yoast SEO plugin v24.1 - https:\/\/yoast.com\/wordpress\/plugins\/seo\/ -->\n<title>CALENDARIO SAN JUAN DEL CID - GAD Parroquial de San Juan<\/title>\n<meta name=\"robots\" content=\"index, follow, max-snippet:-1, max-image-preview:large, max-video-preview:-1\" \/>\n<link rel=\"canonical\" href=\"https:\/\/gadparroquialsanjuan.gob.ec\/azuay\/pagina-ejemplo\/calendario-san-juan-del-cid\/\" \/>\n<meta property=\"og:locale\" content=\"es_ES\" \/>\n<meta property=\"og:type\" content=\"article\" \/>\n<meta property=\"og:title\" content=\"CALENDARIO SAN JUAN DEL CID - GAD Parroquial de San Juan\" \/>\n<meta property=\"og:description\" content=\"San Juan del Cid, tierra de gente trabajadora, considerada como la parroquia m\u00e1s antigua a nivel nacional, da la bienvenida a todos sus habitantes, turistas y allegados, as\u00ed como tambi\u00e9n los invita\u00a0 a conocer todas las actividades festivas,\u00a0 religiosas, deportivas, culturales, sociales y m\u00e1s. Eventos que se desarrollan durante este a\u00f1o. A continuaci\u00f3n se adjunta [&hellip;]\" \/>\n<meta property=\"og:url\" content=\"https:\/\/gadparroquialsanjuan.gob.ec\/azuay\/pagina-ejemplo\/calendario-san-juan-del-cid\/\" \/>\n<meta property=\"og:site_name\" content=\"GAD Parroquial de San Juan\" \/>\n<meta property=\"article:modified_time\" content=\"2022-01-10T19:49:02+00:00\" \/>\n<meta property=\"og:image\" content=\"https:\/\/gadparroquialsanjuan.gob.ec\/azuay\/wp-content\/uploads\/2022\/01\/CALENDARIO-14.png\" \/>\n<meta name=\"twitter:card\" content=\"summary_large_image\" \/>\n<meta name=\"twitter:label1\" content=\"Tiempo de lectura\" \/>\n\t<meta name=\"twitter:data1\" content=\"1 minuto\" \/>\n<script type=\"application\/ld+json\" class=\"yoast-schema-graph\">{\"@context\":\"https:\/\/schema.org\",\"@graph\":[{\"@type\":\"WebPage\",\"@id\":\"https:\/\/gadparroquialsanjuan.gob.ec\/azuay\/pagina-ejemplo\/calendario-san-juan-del-cid\/\",\"url\":\"https:\/\/gadparroquialsanjuan.gob.ec\/azuay\/pagina-ejemplo\/calendario-san-juan-del-cid\/\",\"name\":\"CALENDARIO SAN JUAN DEL CID - GAD Parroquial de San Juan\",\"isPartOf\":{\"@id\":\"https:\/\/gadparroquialsanjuan.gob.ec\/azuay\/#website\"},\"primaryImageOfPage\":{\"@id\":\"https:\/\/gadparroquialsanjuan.gob.ec\/azuay\/pagina-ejemplo\/calendario-san-juan-del-cid\/#primaryimage\"},\"image\":{\"@id\":\"https:\/\/gadparroquialsanjuan.gob.ec\/azuay\/pagina-ejemplo\/calendario-san-juan-del-cid\/#primaryimage\"},\"thumbnailUrl\":\"https:\/\/gadparroquialsanjuan.gob.ec\/azuay\/wp-content\/uploads\/2022\/01\/CALENDARIO-14.png\",\"datePublished\":\"2022-01-10T19:28:51+00:00\",\"dateModified\":\"2022-01-10T19:49:02+00:00\",\"breadcrumb\":{\"@id\":\"https:\/\/gadparroquialsanjuan.gob.ec\/azuay\/pagina-ejemplo\/calendario-san-juan-del-cid\/#breadcrumb\"},\"inLanguage\":\"es\",\"potentialAction\":[{\"@type\":\"ReadAction\",\"target\":[\"https:\/\/gadparroquialsanjuan.gob.ec\/azuay\/pagina-ejemplo\/calendario-san-juan-del-cid\/\"]}]},{\"@type\":\"ImageObject\",\"inLanguage\":\"es\",\"@id\":\"https:\/\/gadparroquialsanjuan.gob.ec\/azuay\/pagina-ejemplo\/calendario-san-juan-del-cid\/#primaryimage\",\"url\":\"https:\/\/gadparroquialsanjuan.gob.ec\/azuay\/wp-content\/uploads\/2022\/01\/CALENDARIO-14.png\",\"contentUrl\":\"https:\/\/gadparroquialsanjuan.gob.ec\/azuay\/wp-content\/uploads\/2022\/01\/CALENDARIO-14.png\",\"width\":2089,\"height\":1481},{\"@type\":\"BreadcrumbList\",\"@id\":\"https:\/\/gadparroquialsanjuan.gob.ec\/azuay\/pagina-ejemplo\/calendario-san-juan-del-cid\/#breadcrumb\",\"itemListElement\":[{\"@type\":\"ListItem\",\"position\":1,\"name\":\"Home\",\"item\":\"https:\/\/gadparroquialsanjuan.gob.ec\/azuay\/\"},{\"@type\":\"ListItem\",\"position\":2,\"name\":\"P\u00e1gina Oficial del GAD San Juan del Cid\",\"item\":\"https:\/\/gadparroquialsanjuan.gob.ec\/azuay\/\"},{\"@type\":\"ListItem\",\"position\":3,\"name\":\"CALENDARIO SAN JUAN DEL CID\"}]},{\"@type\":\"WebSite\",\"@id\":\"https:\/\/gadparroquialsanjuan.gob.ec\/azuay\/#website\",\"url\":\"https:\/\/gadparroquialsanjuan.gob.ec\/azuay\/\",\"name\":\"GAD Parroquial de San Juan\",\"description\":\"Sitio Oficial del GAD Parroquial San Juan Azuay\",\"publisher\":{\"@id\":\"https:\/\/gadparroquialsanjuan.gob.ec\/azuay\/#organization\"},\"potentialAction\":[{\"@type\":\"SearchAction\",\"target\":{\"@type\":\"EntryPoint\",\"urlTemplate\":\"https:\/\/gadparroquialsanjuan.gob.ec\/azuay\/?s={search_term_string}\"},\"query-input\":{\"@type\":\"PropertyValueSpecification\",\"valueRequired\":true,\"valueName\":\"search_term_string\"}}],\"inLanguage\":\"es\"},{\"@type\":\"Organization\",\"@id\":\"https:\/\/gadparroquialsanjuan.gob.ec\/azuay\/#organization\",\"name\":\"GAD parroquial de San Juan del Cid\",\"url\":\"https:\/\/gadparroquialsanjuan.gob.ec\/azuay\/\",\"logo\":{\"@type\":\"ImageObject\",\"inLanguage\":\"es\",\"@id\":\"https:\/\/gadparroquialsanjuan.gob.ec\/azuay\/#\/schema\/logo\/image\/\",\"url\":\"https:\/\/gadparroquialsanjuan.gob.ec\/azuay\/wp-content\/uploads\/2020\/06\/logoFooter.png\",\"contentUrl\":\"https:\/\/gadparroquialsanjuan.gob.ec\/azuay\/wp-content\/uploads\/2020\/06\/logoFooter.png\",\"width\":200,\"height\":150,\"caption\":\"GAD parroquial de San Juan del Cid\"},\"image\":{\"@id\":\"https:\/\/gadparroquialsanjuan.gob.ec\/azuay\/#\/schema\/logo\/image\/\"}}]}<\/script>\n<!-- \/ Yoast SEO plugin. -->","yoast_head_json":{"title":"CALENDARIO SAN JUAN DEL CID - GAD Parroquial de San Juan","robots":{"index":"index","follow":"follow","max-snippet":"max-snippet:-1","max-image-preview":"max-image-preview:large","max-video-preview":"max-video-preview:-1"},"canonical":"https:\/\/gadparroquialsanjuan.gob.ec\/azuay\/pagina-ejemplo\/calendario-san-juan-del-cid\/","og_locale":"es_ES","og_type":"article","og_title":"CALENDARIO SAN JUAN DEL CID - GAD Parroquial de San Juan","og_description":"San Juan del Cid, tierra de gente trabajadora, considerada como la parroquia m\u00e1s antigua a nivel nacional, da la bienvenida a todos sus habitantes, turistas y allegados, as\u00ed como tambi\u00e9n los invita\u00a0 a conocer todas las actividades festivas,\u00a0 religiosas, deportivas, culturales, sociales y m\u00e1s. Eventos que se desarrollan durante este a\u00f1o. A continuaci\u00f3n se adjunta [&hellip;]","og_url":"https:\/\/gadparroquialsanjuan.gob.ec\/azuay\/pagina-ejemplo\/calendario-san-juan-del-cid\/","og_site_name":"GAD Parroquial de San Juan","article_modified_time":"2022-01-10T19:49:02+00:00","og_image":[{"url":"https:\/\/gadparroquialsanjuan.gob.ec\/azuay\/wp-content\/uploads\/2022\/01\/CALENDARIO-14.png","type":"","width":"","height":""}],"twitter_card":"summary_large_image","twitter_misc":{"Tiempo de lectura":"1 minuto"},"schema":{"@context":"https:\/\/schema.org","@graph":[{"@type":"WebPage","@id":"https:\/\/gadparroquialsanjuan.gob.ec\/azuay\/pagina-ejemplo\/calendario-san-juan-del-cid\/","url":"https:\/\/gadparroquialsanjuan.gob.ec\/azuay\/pagina-ejemplo\/calendario-san-juan-del-cid\/","name":"CALENDARIO SAN JUAN DEL CID - GAD Parroquial de San Juan","isPartOf":{"@id":"https:\/\/gadparroquialsanjuan.gob.ec\/azuay\/#website"},"primaryImageOfPage":{"@id":"https:\/\/gadparroquialsanjuan.gob.ec\/azuay\/pagina-ejemplo\/calendario-san-juan-del-cid\/#primaryimage"},"image":{"@id":"https:\/\/gadparroquialsanjuan.gob.ec\/azuay\/pagina-ejemplo\/calendario-san-juan-del-cid\/#primaryimage"},"thumbnailUrl":"https:\/\/gadparroquialsanjuan.gob.ec\/azuay\/wp-content\/uploads\/2022\/01\/CALENDARIO-14.png","datePublished":"2022-01-10T19:28:51+00:00","dateModified":"2022-01-10T19:49:02+00:00","breadcrumb":{"@id":"https:\/\/gadparroquialsanjuan.gob.ec\/azuay\/pagina-ejemplo\/calendario-san-juan-del-cid\/#breadcrumb"},"inLanguage":"es","potentialAction":[{"@type":"ReadAction","target":["https:\/\/gadparroquialsanjuan.gob.ec\/azuay\/pagina-ejemplo\/calendario-san-juan-del-cid\/"]}]},{"@type":"ImageObject","inLanguage":"es","@id":"https:\/\/gadparroquialsanjuan.gob.ec\/azuay\/pagina-ejemplo\/calendario-san-juan-del-cid\/#primaryimage","url":"https:\/\/gadparroquialsanjuan.gob.ec\/azuay\/wp-content\/uploads\/2022\/01\/CALENDARIO-14.png","contentUrl":"https:\/\/gadparroquialsanjuan.gob.ec\/azuay\/wp-content\/uploads\/2022\/01\/CALENDARIO-14.png","width":2089,"height":1481},{"@type":"BreadcrumbList","@id":"https:\/\/gadparroquialsanjuan.gob.ec\/azuay\/pagina-ejemplo\/calendario-san-juan-del-cid\/#breadcrumb","itemListElement":[{"@type":"ListItem","position":1,"name":"Home","item":"https:\/\/gadparroquialsanjuan.gob.ec\/azuay\/"},{"@type":"ListItem","position":2,"name":"P\u00e1gina Oficial del GAD San Juan del Cid","item":"https:\/\/gadparroquialsanjuan.gob.ec\/azuay\/"},{"@type":"ListItem","position":3,"name":"CALENDARIO SAN JUAN DEL CID"}]},{"@type":"WebSite","@id":"https:\/\/gadparroquialsanjuan.gob.ec\/azuay\/#website","url":"https:\/\/gadparroquialsanjuan.gob.ec\/azuay\/","name":"GAD Parroquial de San Juan","description":"Sitio Oficial del GAD Parroquial San Juan Azuay","publisher":{"@id":"https:\/\/gadparroquialsanjuan.gob.ec\/azuay\/#organization"},"potentialAction":[{"@type":"SearchAction","target":{"@type":"EntryPoint","urlTemplate":"https:\/\/gadparroquialsanjuan.gob.ec\/azuay\/?s={search_term_string}"},"query-input":{"@type":"PropertyValueSpecification","valueRequired":true,"valueName":"search_term_string"}}],"inLanguage":"es"},{"@type":"Organization","@id":"https:\/\/gadparroquialsanjuan.gob.ec\/azuay\/#organization","name":"GAD parroquial de San Juan del Cid","url":"https:\/\/gadparroquialsanjuan.gob.ec\/azuay\/","logo":{"@type":"ImageObject","inLanguage":"es","@id":"https:\/\/gadparroquialsanjuan.gob.ec\/azuay\/#\/schema\/logo\/image\/","url":"https:\/\/gadparroquialsanjuan.gob.ec\/azuay\/wp-content\/uploads\/2020\/06\/logoFooter.png","contentUrl":"https:\/\/gadparroquialsanjuan.gob.ec\/azuay\/wp-content\/uploads\/2020\/06\/logoFooter.png","width":200,"height":150,"caption":"GAD parroquial de San Juan del Cid"},"image":{"@id":"https:\/\/gadparroquialsanjuan.gob.ec\/azuay\/#\/schema\/logo\/image\/"}}]}},"_links":{"self":[{"href":"https:\/\/gadparroquialsanjuan.gob.ec\/azuay\/wp-json\/wp\/v2\/pages\/1016","targetHints":{"allow":["GET"]}}],"collection":[{"href":"https:\/\/gadparroquialsanjuan.gob.ec\/azuay\/wp-json\/wp\/v2\/pages"}],"about":[{"href":"https:\/\/gadparroquialsanjuan.gob.ec\/azuay\/wp-json\/wp\/v2\/types\/page"}],"author":[{"embeddable":true,"href":"https:\/\/gadparroquialsanjuan.gob.ec\/azuay\/wp-json\/wp\/v2\/users\/4"}],"replies":[{"embeddable":true,"href":"https:\/\/gadparroquialsanjuan.gob.ec\/azuay\/wp-json\/wp\/v2\/comments?post=1016"}],"version-history":[{"count":1,"href":"https:\/\/gadparroquialsanjuan.gob.ec\/azuay\/wp-json\/wp\/v2\/pages\/1016\/revisions"}],"predecessor-version":[{"id":1018,"href":"https:\/\/gadparroquialsanjuan.gob.ec\/azuay\/wp-json\/wp\/v2\/pages\/1016\/revisions\/1018"}],"up":[{"embeddable":true,"href":"https:\/\/gadparroquialsanjuan.gob.ec\/azuay\/wp-json\/wp\/v2\/pages\/2"}],"wp:attachment":[{"href":"https:\/\/gadparroquialsanjuan.gob.ec\/azuay\/wp-json\/wp\/v2\/media?parent=1016"}],"curies":[{"name":"wp","href":"https:\/\/api.w.org\/{rel}","templated":true}]}}